{"id":115,"date":"2017-01-18T13:52:30","date_gmt":"2017-01-18T12:52:30","guid":{"rendered":"http:\/\/laiz.fr\/wordpress\/?page_id=115"},"modified":"2021-09-05T09:17:13","modified_gmt":"2021-09-05T07:17:13","slug":"budget-de-commune","status":"publish","type":"page","link":"https:\/\/laiz.fr\/wordpress\/mairie\/budget-de-commune\/","title":{"rendered":"Budget de la commune"},"content":{"rendered":"<h4><span style=\"background-color: #ccffcc;\"><strong><span style=\"color: #000000;\">Budget 2021<\/span><\/strong><\/span><\/h4>\n<p><a href=\"https:\/\/laiz.fr\/wordpress\/wp-content\/uploads\/2021\/04\/NOTE-DE-PRESENTATION-BREVE-ET-SYNTHETIQUE-BP-2021-M-14.pdf\">Note de pr\u00e9sentation br\u00e8ve et synth\u00e9tique BP 2021<\/a><\/p>\n<p><a href=\"https:\/\/laiz.fr\/wordpress\/wp-content\/uploads\/2021\/09\/BP-2021.pdf\">BP 2021<\/a><\/p>\n<h4><span style=\"background-color: #ccffcc;\"><strong>Budget 2020<\/strong><\/span><\/h4>\n<p><a href=\"https:\/\/laiz.fr\/wordpress\/wp-content\/uploads\/2021\/04\/NOTE-DE-PRESENTATION-BREVE-ET-SYNTHETIQUE-CA-2020-M14.pdf\">Note de pr\u00e9sentation br\u00e8ve et synth\u00e9tique compte administratif 2020<\/a><\/p>\n<p><a href=\"https:\/\/laiz.fr\/wordpress\/wp-content\/uploads\/2021\/09\/BP-2020.pdf\">BP 2020<\/a><\/p>\n<h4><span style=\"background-color: #ccffcc;\"><strong>Budget 2019<\/strong><\/span><\/h4>\n<p><a href=\"https:\/\/laiz.fr\/wordpress\/wp-content\/uploads\/2019\/07\/BUDGET-COMMUNE-ET-ASSAINISSEMENT-2019.pdf\">BUDGET COMMUNE ET ASSAINISSEMENT 2019<\/a><\/p>\n<h4><span style=\"background-color: #ccffcc;\"><strong>Budget 2018<\/strong><\/span><\/h4>\n<p><a href=\"https:\/\/laiz.fr\/wordpress\/wp-content\/uploads\/2019\/04\/BP-2018-ASSAINISSEMENT.pdf\">BP 2018 ASSAINISSEMENT<\/a><\/p>\n<p><a href=\"https:\/\/laiz.fr\/wordpress\/wp-content\/uploads\/2019\/04\/BP-2018-BUDGET-COMMUNE.pdf\">BP 2018 BUDGET COMMUNE<\/a><\/p>\n<p><a href=\"https:\/\/laiz.fr\/wordpress\/wp-content\/uploads\/2019\/04\/BP-2018-CCAS-.pdf\">BP 2018 CCAS<\/a><\/p>\n","protected":false},"excerpt":{"rendered":"<p>Budget 2021 Note de pr\u00e9sentation br\u00e8ve et synth\u00e9tique BP 2021 BP 2021 Budget 2020 Note de pr\u00e9sentation br\u00e8ve et synth\u00e9tique compte administratif 2020 BP 2020 Budget 2019 BUDGET COMMUNE ET ASSAINISSEMENT 2019 Budget 2018 BP 2018 ASSAINISSEMENT BP 2018 BUDGET COMMUNE BP 2018 CCAS<\/p>\n","protected":false},"author":1,"featured_media":0,"parent":121,"menu_order":0,"comment_status":"closed","ping_status":"closed","template":"","meta":{"footnotes":""},"class_list":["post-115","page","type-page","status-publish","hentry"],"yoast_head":"<!-- This site is optimized with the Yoast SEO plugin v27.3 - https:\/\/yoast.com\/product\/yoast-seo-wordpress\/ -->\n<title>Budget de la commune - MAIRIE DE LAIZ<\/title>\n<meta name=\"robots\" content=\"index, follow, max-snippet:-1, max-image-preview:large, max-video-preview:-1\" \/>\n<link rel=\"canonical\" href=\"https:\/\/laiz.fr\/wordpress\/mairie\/budget-de-commune\/\" \/>\n<meta property=\"og:locale\" content=\"fr_FR\" \/>\n<meta property=\"og:type\" content=\"article\" \/>\n<meta property=\"og:title\" content=\"Budget de la commune - MAIRIE DE LAIZ\" \/>\n<meta property=\"og:description\" content=\"Budget 2021 Note de pr\u00e9sentation br\u00e8ve et synth\u00e9tique BP 2021 BP 2021 Budget 2020 Note de pr\u00e9sentation br\u00e8ve et synth\u00e9tique compte administratif 2020 BP 2020 Budget 2019 BUDGET COMMUNE ET ASSAINISSEMENT 2019 Budget 2018 BP 2018 ASSAINISSEMENT BP 2018 BUDGET COMMUNE BP 2018 CCAS\" \/>\n<meta property=\"og:url\" content=\"https:\/\/laiz.fr\/wordpress\/mairie\/budget-de-commune\/\" \/>\n<meta property=\"og:site_name\" content=\"MAIRIE DE LAIZ\" \/>\n<meta property=\"article:publisher\" content=\"https:\/\/www.facebook.com\/villagedelaiz\" \/>\n<meta property=\"article:modified_time\" content=\"2021-09-05T07:17:13+00:00\" \/>\n<meta property=\"og:image\" content=\"https:\/\/laiz.fr\/wordpress\/wp-content\/uploads\/2016\/06\/laizlogo2.jpg\" \/>\n\t<meta property=\"og:image:width\" content=\"935\" \/>\n\t<meta property=\"og:image:height\" content=\"591\" \/>\n\t<meta property=\"og:image:type\" content=\"image\/jpeg\" \/>\n<script type=\"application\/ld+json\" class=\"yoast-schema-graph\">{\"@context\":\"https:\\\/\\\/schema.org\",\"@graph\":[{\"@type\":\"WebPage\",\"@id\":\"https:\\\/\\\/laiz.fr\\\/wordpress\\\/mairie\\\/budget-de-commune\\\/\",\"url\":\"https:\\\/\\\/laiz.fr\\\/wordpress\\\/mairie\\\/budget-de-commune\\\/\",\"name\":\"Budget de la commune - MAIRIE DE LAIZ\",\"isPartOf\":{\"@id\":\"https:\\\/\\\/laiz.fr\\\/wordpress\\\/#website\"},\"datePublished\":\"2017-01-18T12:52:30+00:00\",\"dateModified\":\"2021-09-05T07:17:13+00:00\",\"breadcrumb\":{\"@id\":\"https:\\\/\\\/laiz.fr\\\/wordpress\\\/mairie\\\/budget-de-commune\\\/#breadcrumb\"},\"inLanguage\":\"fr-FR\",\"potentialAction\":[{\"@type\":\"ReadAction\",\"target\":[\"https:\\\/\\\/laiz.fr\\\/wordpress\\\/mairie\\\/budget-de-commune\\\/\"]}]},{\"@type\":\"BreadcrumbList\",\"@id\":\"https:\\\/\\\/laiz.fr\\\/wordpress\\\/mairie\\\/budget-de-commune\\\/#breadcrumb\",\"itemListElement\":[{\"@type\":\"ListItem\",\"position\":1,\"name\":\"Accueil\",\"item\":\"https:\\\/\\\/laiz.fr\\\/wordpress\\\/\"},{\"@type\":\"ListItem\",\"position\":2,\"name\":\"Mairie\",\"item\":\"https:\\\/\\\/laiz.fr\\\/wordpress\\\/mairie\\\/\"},{\"@type\":\"ListItem\",\"position\":3,\"name\":\"Budget de la commune\"}]},{\"@type\":\"WebSite\",\"@id\":\"https:\\\/\\\/laiz.fr\\\/wordpress\\\/#website\",\"url\":\"https:\\\/\\\/laiz.fr\\\/wordpress\\\/\",\"name\":\"MAIRIE DE LAIZ\",\"description\":\"Un village agr\u00e9able \u00e0 vivre\",\"potentialAction\":[{\"@type\":\"SearchAction\",\"target\":{\"@type\":\"EntryPoint\",\"urlTemplate\":\"https:\\\/\\\/laiz.fr\\\/wordpress\\\/?s={search_term_string}\"},\"query-input\":{\"@type\":\"PropertyValueSpecification\",\"valueRequired\":true,\"valueName\":\"search_term_string\"}}],\"inLanguage\":\"fr-FR\"}]}<\/script>\n<!-- \/ Yoast SEO plugin. -->","yoast_head_json":{"title":"Budget de la commune - MAIRIE DE LAIZ","robots":{"index":"index","follow":"follow","max-snippet":"max-snippet:-1","max-image-preview":"max-image-preview:large","max-video-preview":"max-video-preview:-1"},"canonical":"https:\/\/laiz.fr\/wordpress\/mairie\/budget-de-commune\/","og_locale":"fr_FR","og_type":"article","og_title":"Budget de la commune - MAIRIE DE LAIZ","og_description":"Budget 2021 Note de pr\u00e9sentation br\u00e8ve et synth\u00e9tique BP 2021 BP 2021 Budget 2020 Note de pr\u00e9sentation br\u00e8ve et synth\u00e9tique compte administratif 2020 BP 2020 Budget 2019 BUDGET COMMUNE ET ASSAINISSEMENT 2019 Budget 2018 BP 2018 ASSAINISSEMENT BP 2018 BUDGET COMMUNE BP 2018 CCAS","og_url":"https:\/\/laiz.fr\/wordpress\/mairie\/budget-de-commune\/","og_site_name":"MAIRIE DE LAIZ","article_publisher":"https:\/\/www.facebook.com\/villagedelaiz","article_modified_time":"2021-09-05T07:17:13+00:00","og_image":[{"width":935,"height":591,"url":"https:\/\/laiz.fr\/wordpress\/wp-content\/uploads\/2016\/06\/laizlogo2.jpg","type":"image\/jpeg"}],"schema":{"@context":"https:\/\/schema.org","@graph":[{"@type":"WebPage","@id":"https:\/\/laiz.fr\/wordpress\/mairie\/budget-de-commune\/","url":"https:\/\/laiz.fr\/wordpress\/mairie\/budget-de-commune\/","name":"Budget de la commune - MAIRIE DE LAIZ","isPartOf":{"@id":"https:\/\/laiz.fr\/wordpress\/#website"},"datePublished":"2017-01-18T12:52:30+00:00","dateModified":"2021-09-05T07:17:13+00:00","breadcrumb":{"@id":"https:\/\/laiz.fr\/wordpress\/mairie\/budget-de-commune\/#breadcrumb"},"inLanguage":"fr-FR","potentialAction":[{"@type":"ReadAction","target":["https:\/\/laiz.fr\/wordpress\/mairie\/budget-de-commune\/"]}]},{"@type":"BreadcrumbList","@id":"https:\/\/laiz.fr\/wordpress\/mairie\/budget-de-commune\/#breadcrumb","itemListElement":[{"@type":"ListItem","position":1,"name":"Accueil","item":"https:\/\/laiz.fr\/wordpress\/"},{"@type":"ListItem","position":2,"name":"Mairie","item":"https:\/\/laiz.fr\/wordpress\/mairie\/"},{"@type":"ListItem","position":3,"name":"Budget de la commune"}]},{"@type":"WebSite","@id":"https:\/\/laiz.fr\/wordpress\/#website","url":"https:\/\/laiz.fr\/wordpress\/","name":"MAIRIE DE LAIZ","description":"Un village agr\u00e9able \u00e0 vivre","potentialAction":[{"@type":"SearchAction","target":{"@type":"EntryPoint","urlTemplate":"https:\/\/laiz.fr\/wordpress\/?s={search_term_string}"},"query-input":{"@type":"PropertyValueSpecification","valueRequired":true,"valueName":"search_term_string"}}],"inLanguage":"fr-FR"}]}},"_links":{"self":[{"href":"https:\/\/laiz.fr\/wordpress\/wp-json\/wp\/v2\/pages\/115","targetHints":{"allow":["GET"]}}],"collection":[{"href":"https:\/\/laiz.fr\/wordpress\/wp-json\/wp\/v2\/pages"}],"about":[{"href":"https:\/\/laiz.fr\/wordpress\/wp-json\/wp\/v2\/types\/page"}],"author":[{"embeddable":true,"href":"https:\/\/laiz.fr\/wordpress\/wp-json\/wp\/v2\/users\/1"}],"replies":[{"embeddable":true,"href":"https:\/\/laiz.fr\/wordpress\/wp-json\/wp\/v2\/comments?post=115"}],"version-history":[{"count":16,"href":"https:\/\/laiz.fr\/wordpress\/wp-json\/wp\/v2\/pages\/115\/revisions"}],"predecessor-version":[{"id":3584,"href":"https:\/\/laiz.fr\/wordpress\/wp-json\/wp\/v2\/pages\/115\/revisions\/3584"}],"up":[{"embeddable":true,"href":"https:\/\/laiz.fr\/wordpress\/wp-json\/wp\/v2\/pages\/121"}],"wp:attachment":[{"href":"https:\/\/laiz.fr\/wordpress\/wp-json\/wp\/v2\/media?parent=115"}],"curies":[{"name":"wp","href":"https:\/\/api.w.org\/{rel}","templated":true}]}}