{"id":152,"date":"2020-04-29T13:26:00","date_gmt":"2020-04-29T11:26:00","guid":{"rendered":"http:\/\/laiz.fr\/wordpress\/?page_id=152"},"modified":"2026-03-23T18:34:37","modified_gmt":"2026-03-23T17:34:37","slug":"laizinfos","status":"publish","type":"page","link":"https:\/\/laiz.fr\/wordpress\/","title":{"rendered":"L@iz&rsquo;infos"},"content":{"rendered":"\n\n\n\n\n<p style=\"text-align: center;\"><a href=\"https:\/\/laiz.fr\/wordpress\/wp-content\/uploads\/2016\/06\/laizlogo2.jpg\"><img loading=\"lazy\" decoding=\"async\" class=\"alignnone size-medium wp-image-553\" src=\"https:\/\/laiz.fr\/wordpress\/wp-content\/uploads\/2016\/06\/laizlogo2-300x190.jpg\" alt=\"\" width=\"300\" height=\"190\" srcset=\"https:\/\/laiz.fr\/wordpress\/wp-content\/uploads\/2016\/06\/laizlogo2-300x190.jpg 300w, https:\/\/laiz.fr\/wordpress\/wp-content\/uploads\/2016\/06\/laizlogo2-768x485.jpg 768w, https:\/\/laiz.fr\/wordpress\/wp-content\/uploads\/2016\/06\/laizlogo2-600x379.jpg 600w, https:\/\/laiz.fr\/wordpress\/wp-content\/uploads\/2016\/06\/laizlogo2.jpg 935w\" sizes=\"auto, (max-width: 300px) 100vw, 300px\" \/><\/a><\/p>\n<p><a href=\"https:\/\/laiz.fr\/wordpress\/wp-content\/uploads\/2024\/04\/logo-vigipirate_Urgence-Attentat-e1604329971154-252x258-1.jpg\"><img loading=\"lazy\" decoding=\"async\" class=\" wp-image-5528 aligncenter\" src=\"https:\/\/laiz.fr\/wordpress\/wp-content\/uploads\/2024\/04\/logo-vigipirate_Urgence-Attentat-e1604329971154-252x258-1.jpg\" alt=\"\" width=\"158\" height=\"162\" \/><\/a><\/p>\n<p>\u00a0<\/p>\n<article class=\"articlecontent allowvig loaded\" data-id=\"104\" data-m=\"{&quot;i&quot;:104,&quot;p&quot;:101,&quot;n&quot;:&quot;article&quot;,&quot;y&quot;:6,&quot;o&quot;:3}\" data-nativead-placements=\"article_aside:3;singlecard1:1;singlecard2:1;singlecard3:1;singlecard4:1;singlecard5:1;singlecard6:1;singlecard7:1;singlecard8:1;singlecard9:1;singlecard10:1;singlecard11:1;\">\n<section class=\"flexarticle\" data-id=\"105\" data-m=\"{&quot;i&quot;:105,&quot;p&quot;:104,&quot;n&quot;:&quot;flexarticle&quot;,&quot;y&quot;:6,&quot;o&quot;:1}\">\n<section class=\"articlebody   \" data-id=\"106\" data-m=\"{&quot;i&quot;:106,&quot;p&quot;:105,&quot;n&quot;:&quot;articlebody&quot;,&quot;y&quot;:6,&quot;o&quot;:1}\">\n<h5 style=\"text-align: center;\"><strong><span style=\"color: #800080;\">HORAIRES D\u2019OUVERTURE<\/span><\/strong><br \/><strong><span style=\"color: #800080;\">MAIRIE<\/span><\/strong><\/h5>\n<\/section>\n<table style=\"height: 180px; width: 86.1111%; border-collapse: collapse; border-style: dotted; background-color: #f2e1e1;\">\n<tbody>\n<tr style=\"height: 36px;\">\n<td style=\"width: 56.4516%; height: 36px;\">\n<h6><span style=\"background-color: #ffffff; color: #800080;\"><strong>Lundi<\/strong><\/span><\/h6>\n<\/td>\n<td style=\"width: 43.5484%; height: 36px;\">\n<h6><span style=\"background-color: #ffffff; color: #800080;\"><strong>08H00 \u2013 12H00<\/strong><\/span><\/h6>\n<\/td>\n<\/tr>\n<tr style=\"height: 36px;\">\n<td style=\"width: 56.4516%; height: 36px;\">\n<h6><span style=\"background-color: #ffffff; color: #800080;\"><strong>Mercredi<\/strong><\/span><\/h6>\n<\/td>\n<td style=\"width: 43.5484%; height: 36px;\">\n<h6><span style=\"background-color: #ffffff; color: #800080;\"><strong>14H00 \u2013 17H00<\/strong><\/span><\/h6>\n<\/td>\n<\/tr>\n<tr style=\"height: 36px;\">\n<td style=\"width: 56.4516%; height: 36px;\">\n<h6 style=\"text-align: left;\"><span style=\"background-color: #ffffff; color: #800080;\"><strong>Jeudi<\/strong><\/span><\/h6>\n<\/td>\n<td style=\"width: 43.5484%; height: 36px;\">\n<h6><span style=\"background-color: #ffffff; color: #800080;\"><strong>09H00 \u2013 12H00<\/strong><\/span><\/h6>\n<\/td>\n<\/tr>\n<tr style=\"height: 36px;\">\n<td style=\"width: 56.4516%; height: 36px;\">\n<h6><span style=\"background-color: #ffffff; color: #800080;\"><strong>Vendredi <\/strong><\/span><\/h6>\n<\/td>\n<td style=\"width: 43.5484%; height: 36px;\">\n<h6><span style=\"background-color: #ffffff; color: #800080;\"><strong>09H00 &#8211; 16H30<\/strong><\/span><\/h6>\n<\/td>\n<\/tr>\n<tr style=\"height: 36px;\">\n<td style=\"width: 56.4516%; height: 36px;\">\n<h6><span style=\"background-color: #ffffff; color: #800080;\"><strong>Le 1er samedi de chaque mois<\/strong><\/span><\/h6>\n<\/td>\n<td style=\"width: 43.5484%; height: 36px;\">\n<h6><span style=\"background-color: #ffffff; color: #800080;\"><strong>10H00 &#8211; 12H00<\/strong><\/span><\/h6>\n<\/td>\n<\/tr>\n<\/tbody>\n<\/table>\n<section class=\"articlebody   \" data-id=\"106\" data-m=\"{&quot;i&quot;:106,&quot;p&quot;:105,&quot;n&quot;:&quot;articlebody&quot;,&quot;y&quot;:6,&quot;o&quot;:1}\">\n<h6><span style=\"color: #800080; font-size: revert; font-weight: 400;\">(*hors jours f\u00e9ri\u00e9s)<\/span><\/h6>\n<p><span style=\"background-color: #ffffff; color: #993366;\"><em>Des permanences seront propos\u00e9es certains mercredis entre 12H00 et 14H00. Toutefois, merci d&rsquo;appeler le secr\u00e9tariat avant de vous d\u00e9placer afin de vous assurer de la disponibilit\u00e9 de ce cr\u00e9neau.<\/em><\/span><\/p>\n<p><span style=\"background-color: #ffffff; color: #993366;\"><em>Le secr\u00e9tariat et Monsieur le Maire restent \u00e0 votre disposition sur rendez-vous.<\/em><\/span><\/p>\n<h5 style=\"text-align: center;\"><span style=\"color: #008000;\"><strong>HORAIRES D\u2019OUVERTURE<\/strong><\/span><br \/><span style=\"color: #008000;\"><strong>BUREAU PIECES D&rsquo;IDENTITE<\/strong><\/span><\/h5>\n<table style=\"width: 87.3016%; border-collapse: collapse; background-color: #8abf9d; height: 213px;\">\n<tbody>\n<tr style=\"height: 36px;\">\n<td style=\"width: 202.5px; height: 36px;\">\n<h6><span style=\"background-color: #ffffff; color: #008000;\"><strong>Lundi<\/strong><\/span><\/h6>\n<\/td>\n<td style=\"width: 202.5px; height: 36px;\">\n<h6><span style=\"background-color: #ffffff; color: #008000;\"><strong>8H00 &#8211; 13H00<\/strong><\/span><\/h6>\n<\/td>\n<\/tr>\n<tr style=\"height: 36px;\">\n<td style=\"width: 202.5px; height: 36px;\">\n<h6><span style=\"background-color: #ffffff; color: #008000;\"><strong>Mardi<\/strong><\/span><\/h6>\n<\/td>\n<td style=\"width: 202.5px; height: 36px;\">\n<h6><span style=\"background-color: #ffffff; color: #008000;\"><strong>8H00 &#8211; 13H00<\/strong><\/span><\/h6>\n<\/td>\n<\/tr>\n<tr style=\"height: 36px;\">\n<td style=\"width: 202.5px; height: 36px;\">\n<h6><span style=\"background-color: #ffffff; color: #008000;\"><strong>Jeudi<\/strong><\/span><\/h6>\n<\/td>\n<td style=\"width: 202.5px; height: 36px;\">\n<h6><span style=\"background-color: #ffffff; color: #008000;\"><strong>8H00 &#8211; 13H00<\/strong><\/span><\/h6>\n<\/td>\n<\/tr>\n<tr style=\"height: 36px;\">\n<td style=\"width: 202.5px; height: 36px;\">\n<h6><span style=\"background-color: #ffffff; color: #008000;\"><strong>Jeudi<\/strong><\/span><\/h6>\n<\/td>\n<td style=\"width: 202.5px; height: 36px;\">\n<h6><span style=\"background-color: #ffffff; color: #008000;\"><strong>14H00 &#8211; 16H30<\/strong><\/span><\/h6>\n<\/td>\n<\/tr>\n<\/tbody>\n<\/table>\n<h5 style=\"text-align: justify;\"><span style=\"color: #000000;\"><strong style=\"font-size: 18px;\"><span style=\"color: #008000;\">Prenez rendez-vous en ligne<\/span>\u00a0<span style=\"color: #008000;\">pour d\u00e9poser votre dossier, r\u00e9cup\u00e9rer vos cartes d&rsquo;identit\u00e9 et passeports, et certifier votre identit\u00e9 num\u00e9rique (\u00e0 compter du 21 mai 2024) !<\/span><\/strong><\/span><\/h5>\n<h5 class=\"title\" style=\"text-align: justify;\"><span style=\"color: #008000;\"><strong style=\"font-size: revert;\"><em>La d\u00e9marche est simple<\/em><\/strong><\/span><span style=\"font-size: revert;\"><span style=\"color: #008000;\"> : Cliquez sur l&rsquo;onglet \u00ab\u00a0<\/span><strong><span style=\"color: #0000ff;\">D\u00e9marches administratives<\/span><\/strong>\u00a0\u00bb <span style=\"color: #008000;\">puis s\u00e9lectionnez<\/span> \u00ab\u00a0<strong><span style=\"color: #0000ff;\">documents officiels<\/span><\/strong>\u00ab\u00a0.\u00a0<\/span><\/h5>\n<\/section>\n<\/section>\n<\/article>\n<p style=\"text-align: center;\"><a href=\"https:\/\/laiz.fr\/wordpress\/wp-content\/uploads\/2023\/03\/titres-identite.jpg\"><img loading=\"lazy\" decoding=\"async\" class=\"wp-image-4737 alignnone\" src=\"https:\/\/laiz.fr\/wordpress\/wp-content\/uploads\/2023\/03\/titres-identite-300x208.jpg\" alt=\"\" width=\"143\" height=\"99\" srcset=\"https:\/\/laiz.fr\/wordpress\/wp-content\/uploads\/2023\/03\/titres-identite-300x208.jpg 300w, https:\/\/laiz.fr\/wordpress\/wp-content\/uploads\/2023\/03\/titres-identite.jpg 474w\" sizes=\"auto, (max-width: 143px) 100vw, 143px\" \/><\/a><\/p>\n<pre><em>le bureau d\u00e9di\u00e9 \u00e0 la d\u00e9livrance de ces titres se situe \u00e0 l'<strong>arri\u00e8re du b\u00e2timent de la Mairie<\/strong>. Il convient de prendre la passerelle, de passer par le portillon vert et d'aller au bout du b\u00e2timent. Le bureau se situe sur votre gauche (<span style=\"color: #ff0000;\">Merci de respecter les heures d'ouverture du \"bureau pi\u00e8ces d'identit\u00e9\" pr\u00e9sent\u00e9es ci-dessus<\/span>).<\/em><br \/><em>Laisser vous guider.... <a href=\"https:\/\/www.google.ca\/maps\/place\/VILLAGE+DE+LAIZ\/@46.248447,4.889915,3a,75y,172.12h,91.47t\/data=!3m6!1e1!3m4!1s2hO6_gSH-Y-bhnDUUTgdZw!2e0!7i16384!8i8192!4m9!3m8!1s0x47f366181fea3fb7:0xacf39010007ad8dc!8m2!3d46.2482724!4d4.8901648!10e5!14m1!1BCgIgARICCAI!16s%2Fg%2F11b6dgl2jn?hl=fr&amp;entry=ttu\">1 Rue des \u00c9coles - Google\u00a0Maps<\/a><\/em><br \/><a href=\"https:\/\/laiz.fr\/wordpress\/wp-content\/uploads\/2023\/09\/photo-mairie-de-laiz-scaled.jpg\"><img loading=\"lazy\" decoding=\"async\" class=\" wp-image-5073 aligncenter\" src=\"https:\/\/laiz.fr\/wordpress\/wp-content\/uploads\/2023\/09\/photo-mairie-de-laiz-300x156.jpg\" alt=\"\" width=\"325\" height=\"169\" srcset=\"https:\/\/laiz.fr\/wordpress\/wp-content\/uploads\/2023\/09\/photo-mairie-de-laiz-300x156.jpg 300w, https:\/\/laiz.fr\/wordpress\/wp-content\/uploads\/2023\/09\/photo-mairie-de-laiz-1024x532.jpg 1024w, https:\/\/laiz.fr\/wordpress\/wp-content\/uploads\/2023\/09\/photo-mairie-de-laiz-768x399.jpg 768w, https:\/\/laiz.fr\/wordpress\/wp-content\/uploads\/2023\/09\/photo-mairie-de-laiz-600x312.jpg 600w, https:\/\/laiz.fr\/wordpress\/wp-content\/uploads\/2023\/09\/photo-mairie-de-laiz-1536x798.jpg 1536w, https:\/\/laiz.fr\/wordpress\/wp-content\/uploads\/2023\/09\/photo-mairie-de-laiz-2048x1065.jpg 2048w\" sizes=\"auto, (max-width: 325px) 100vw, 325px\" \/><\/a><br \/><br \/><\/pre>\n<h1 style=\"text-align: center;\"><span style=\"text-decoration: underline;\"><strong>\u00c9DITO DU MOIS DE MARS 2026<\/strong><\/span><\/h1>\n<p style=\"text-align: justify;\">Ce mois de mars, vous avez \u00e9lit les diff\u00e9rents membres du conseil municipal pour le prochain mandat municipal selon une liste qui vous avait \u00e9t\u00e9 propos\u00e9.<\/p>\n<p style=\"text-align: justify;\">Je voudrais commencer cet \u00e9dito par vous remercier, Laiziens et Laiziennes, qui m\u2019ont une nouvelle fois fait confiance pour mener \u00e0 bien les projets avec cette nouvelle \u00e9quipe.<\/p>\n<p style=\"text-align: justify;\">Les personnes composant la liste propos\u00e9e se sont tr\u00e8s vite retrouv\u00e9es pour leur premi\u00e8re s\u00e9ance de conseil municipal.<\/p>\n<p style=\"text-align: justify;\">Les premi\u00e8res d\u00e9lib\u00e9rations ont \u00e9t\u00e9 vot\u00e9es et cette continuit\u00e9 dans les projets, comme dans le fonctionnement quotidien de la mairie se fera naturellement.<\/p>\n<p style=\"text-align: justify;\">Les diff\u00e9rents r\u00f4les ont \u00e9t\u00e9 distribu\u00e9s et c\u2019est d\u00e8s le samedi matin que plusieurs \u00e9lus \u00e9taient pr\u00e9sents pour mener \u00e0 bien le nettoyage de la commune sous un soleil printanier.<\/p>\n<p style=\"text-align: justify;\">Ces derni\u00e8res semaines ont \u00e9t\u00e9 intenses et le conseil municipal a \u00e9t\u00e9 sur tous les fronts\u00a0:<\/p>\n<p style=\"text-align: justify;\">Le salon des vins et des mets du terroirs avec une r\u00e9ussite d\u2019estime qui nous motive pour proposer un troisi\u00e8me rendez-vous avec nos producteurs locaux et plus \u00e9loign\u00e9s.\u00a0<\/p>\n<p style=\"text-align: justify;\">La premi\u00e8re s\u00e9ance de projection de film durant les vacances scolaires d\u2019hiver. Une programmation propos\u00e9e pour petits et grands avec un film d\u2019animation d\u2019aventure. Vous \u00e9tiez plus de 90 \u00e0 venir profiter de cette projection \u00e0 petit prix. Je veux remercier le comit\u00e9 de fleurissement, qui nous a aid\u00e9 \u00e0 mettre en place cette apr\u00e8s-midi conviviale.<\/p>\n<p style=\"text-align: justify;\">N\u2019oublions pas l&rsquo;apr\u00e8s-midi d\u00e9di\u00e9 au carnaval de l\u2019\u00e9cole pour tous les enfants.<\/p>\n<p style=\"text-align: justify;\">Mais c\u2019est le week-end des \u00e9lections municipales qui a demand\u00e9 une organisation et une pr\u00e9sence de l\u2019ensemble de l\u2019\u00e9quipe municipale sortante pour tenir le bureau de vote et comm\u00e9morer la fin de la guerre d\u2019Alg\u00e9rie aux c\u00f4t\u00e9s de la d\u00e9l\u00e9gation de la FNACA.<\/p>\n<p style=\"text-align: justify;\">Je les remercie pour cette journ\u00e9e et de leur enti\u00e8re implication tout au long du pr\u00e9c\u00e9dent mandat et ce, jusqu\u2019aux derniers jours.<\/p>\n<p style=\"text-align: justify;\">La nouvelle \u00e9quipe est d\u00e9j\u00e0 pr\u00e9sente sur ses diff\u00e9rents points \u00e0 traiter et ce sera par exemple le cas lors de la fin du projet conjointement men\u00e9 avec la MFR de B\u00e2g\u00e9-le-Ch\u00e2tel cette semaine. La zone d\u2019attente pour les parents venant chercher leurs enfants accueillera les 2 bancs et les plantations du massif.<\/p>\n<p style=\"text-align: justify;\">Le 24 mars, c\u2019est l\u2019association des amis de la biblioth\u00e8que de Laiz qui nous proposent leur AG.<\/p>\n<p style=\"text-align: justify;\">Enfin le 31 mars, la mairie vous invite \u00e0 sa journ\u00e9e du court-m\u00e9trage qui aura lieu toute la journ\u00e9e pour les enfants de l\u2019\u00e9cole. Le soir, la mairie vous propose une s\u00e9lection\u00a0pour les plus grands (court-m\u00e9trages \u00e0 partir de 12 ans) qui traitera de sujets de soci\u00e9t\u00e9. Une soir\u00e9e cin\u00e9ma que vous propose la mairie gratuitement \u00e0 partir de 19h30, nous vous attendons nombreux.<\/p>\n<p><span style=\"text-decoration: underline;\">DATES A VENIR<\/span> :<\/p>\n<p><strong>24\/03<\/strong> AG de la biblioth\u00e8que<\/p>\n<p><strong>26\/03<\/strong> Fin du projet men\u00e9 par la Maison Familiale Rurale de B\u00e2g\u00e9 le Ch\u00e2tel<\/p>\n<p><strong>28\/03<\/strong> Plantation des massifs vers la mairie par le comit\u00e9 de fleurissement<\/p>\n<p><strong>28 et 29\/03<\/strong> \u2013 Loto du FCVS (Foot Club Veyle Sa\u00f4ne)<\/p>\n<p><strong>31\/03<\/strong> Journ\u00e9e f\u00eate du court-m\u00e9trage, en journ\u00e9e \u00e0 l\u2019\u00c9cole, puis s\u00e9ance publique \u00e0 19H30 \u00e0 la salle des f\u00eates de LAIZ. Gratuite. A partir de 12 ans.<\/p>\n<p>Pour le mois d&rsquo;avril :<\/p>\n<p><strong>11\/04<\/strong> Plantation massif de Mons par le comit\u00e9 de fleurissement\u00a0 \/ Th\u00e9 dansant<\/p>\n<p><strong>18\/04<\/strong> AG S.I.E.A. (Syndicat Intercommunal d\u2019\u00c9nergie et de E-communication de l&rsquo;Ain)<\/p>\n<p>\u00a0<\/p>\n<h6 style=\"text-align: justify;\">\u00a0<\/h6>\n<p>___________________________________________________________________________<\/p>\n<p>\u00a0<\/p>\n<div class=\"sign-preview__content\">\u00a0<\/div>\n<table style=\"height: 160px; width: 99.2065%; border-collapse: collapse; border-style: solid; border-color: #000000;\">\n<tbody>\n<tr>\n<td style=\"width: 100%;\">\n<h4><img loading=\"lazy\" decoding=\"async\" class=\"alignleft\" src=\"https:\/\/www.associationeconomienumerique.fr\/wp-content\/uploads\/2022\/05\/taxe-amenagement.jpg\" alt=\"Taxe d'am\u00e9nagement : pr\u00e9sentation, montant et r\u00e8glement\" width=\"125\" height=\"81\" \/><span style=\"color: #ff6600;\">Estimer\u00a0<\/span><span style=\"color: #ff6600;\">sa\u00a0 taxe d&rsquo;am\u00e9nagement <\/span><span style=\"color: #ff6600;\">lors de mes prochains travaux<\/span>\u00a0<\/h4>\n<hr \/>\n<h4 style=\"text-align: center;\">\u00a0<\/h4>\n<p>\u00a0<\/p>\n<h6 style=\"text-align: center;\"><em><a href=\"https:\/\/www.impots.gouv.fr\/simulateur-des-taxes-urbanisme\">https:\/\/www.impots.gouv.fr\/simulateur-des-taxes-urbanisme<\/a><\/em><\/h6>\n<\/td>\n<\/tr>\n<\/tbody>\n<\/table>\n<p>\u00a0<\/p>\n<hr \/><hr \/>\n<h1 class=\"western\">Vous pouvez maintenant faire le paiement des services publics locaux par internet (garderie&#8230;). Pour cela cliquez sur le logo PAYFIP et laissez vous guider<\/h1>\n<p><a href=\"https:\/\/www.tipi.budget.gouv.fr\/tpa\/accueilportail.web\"><img loading=\"lazy\" decoding=\"async\" class=\"alignnone wp-image-2850\" src=\"https:\/\/laiz.fr\/wordpress\/wp-content\/uploads\/2020\/11\/PAYfip.jpg\" alt=\"\" width=\"112\" height=\"77\" \/><\/a><\/p>\n<h4><span style=\"font-size: 18pt;\">Enfin vous pouvez retrouver la page officielle de la commune sur facebook (sans \u00eatre inscrit sur facebook)<\/span><\/h4>\n<h4><span style=\"font-size: 18pt;\">\u00a0<a href=\"https:\/\/www.facebook.com\/Communedelaiz\"><img loading=\"lazy\" decoding=\"async\" class=\"alignnone wp-image-1334\" src=\"https:\/\/laiz.fr\/wordpress\/wp-content\/uploads\/2018\/07\/index-300x168.png\" alt=\"\" width=\"104\" height=\"58\" \/><\/a><\/span><\/h4>\n<p><span style=\"font-size: 18pt;\">nous joindre par mail pour nous donner votre avis ou nous envoyer des photos \u00e0\u00a0 \u00a0 \u00a0 \u00a0 \u00a0 \u00a0 \u00a0 <a href=\"mailto:mairie-laiz@laiz.fr\" target=\"_blank\" rel=\"noopener noreferrer\">\u00a0mairie-laiz@laiz.fr<\/a><\/span><\/p>\n<h4><span style=\"font-size: 18pt;\">Avoir plus d&rsquo;informations, alertes du village de Laiz sur l&rsquo;application <span style=\"color: #339966;\">panneau pocket<\/span> sur apple store et google play gratuitement.<a href=\"https:\/\/laiz.fr\/wordpress\/wp-content\/uploads\/2018\/06\/index.jpeg\"><img loading=\"lazy\" decoding=\"async\" class=\"alignnone wp-image-1278\" src=\"https:\/\/laiz.fr\/wordpress\/wp-content\/uploads\/2018\/06\/index.jpeg\" alt=\"\" width=\"59\" height=\"59\" srcset=\"https:\/\/laiz.fr\/wordpress\/wp-content\/uploads\/2018\/06\/index.jpeg 180w, https:\/\/laiz.fr\/wordpress\/wp-content\/uploads\/2018\/06\/index-150x150.jpeg 150w\" sizes=\"auto, (max-width: 59px) 100vw, 59px\" \/><\/a><\/span><\/h4>\n<p>\u00a0<\/p>\n\n\n\n<div class=\"wp-block-group\"><div class=\"wp-block-group__inner-container is-layout-constrained wp-block-group-is-layout-constrained\">\n<p>\u00a0<\/p>\n<p>\u00a0<\/p>\n<\/div><\/div>\n","protected":false},"excerpt":{"rendered":"<p>\u00a0 HORAIRES D\u2019OUVERTUREMAIRIE Lundi 08H00 \u2013 12H00 Mercredi 14H00 \u2013 17H00 Jeudi 09H00 \u2013 12H00 Vendredi 09H00 &#8211; 16H30 Le 1er samedi de chaque mois 10H00 &#8211; 12H00 (*hors jours f\u00e9ri\u00e9s) Des permanences seront propos\u00e9es certains mercredis entre 12H00 et 14H00. Toutefois, merci d&rsquo;appeler le secr\u00e9tariat avant de vous d\u00e9placer afin de vous assurer de &hellip; <a href=\"https:\/\/laiz.fr\/wordpress\/\" class=\"more-link\">Continuer la lecture de <span class=\"screen-reader-text\">L@iz&rsquo;infos<\/span>  <span class=\"meta-nav\">&rarr;<\/span><\/a><\/p>\n","protected":false},"author":1,"featured_media":0,"parent":0,"menu_order":0,"comment_status":"closed","ping_status":"closed","template":"","meta":{"footnotes":""},"class_list":["post-152","page","type-page","status-publish","hentry"],"yoast_head":"<!-- This site is optimized with the Yoast SEO plugin v27.4 - https:\/\/yoast.com\/product\/yoast-seo-wordpress\/ -->\n<title>L@iz&#039;infos - MAIRIE DE LAIZ<\/title>\n<meta name=\"robots\" content=\"index, follow, max-snippet:-1, max-image-preview:large, max-video-preview:-1\" \/>\n<link rel=\"canonical\" href=\"https:\/\/laiz.fr\/wordpress\/\" \/>\n<meta property=\"og:locale\" content=\"fr_FR\" \/>\n<meta property=\"og:type\" content=\"article\" \/>\n<meta property=\"og:title\" content=\"L@iz&#039;infos - MAIRIE DE LAIZ\" \/>\n<meta property=\"og:description\" content=\"\u00a0 HORAIRES D\u2019OUVERTUREMAIRIE Lundi 08H00 \u2013 12H00 Mercredi 14H00 \u2013 17H00 Jeudi 09H00 \u2013 12H00 Vendredi 09H00 &#8211; 16H30 Le 1er samedi de chaque mois 10H00 &#8211; 12H00 (*hors jours f\u00e9ri\u00e9s) Des permanences seront propos\u00e9es certains mercredis entre 12H00 et 14H00. Toutefois, merci d&rsquo;appeler le secr\u00e9tariat avant de vous d\u00e9placer afin de vous assurer de &hellip; Continuer la lecture de L@iz&rsquo;infos &rarr;\" \/>\n<meta property=\"og:url\" content=\"https:\/\/laiz.fr\/wordpress\/\" \/>\n<meta property=\"og:site_name\" content=\"MAIRIE DE LAIZ\" \/>\n<meta property=\"article:publisher\" content=\"https:\/\/www.facebook.com\/villagedelaiz\" \/>\n<meta property=\"article:modified_time\" content=\"2026-03-23T17:34:37+00:00\" \/>\n<meta property=\"og:image\" content=\"http:\/\/laiz.fr\/wordpress\/wp-content\/uploads\/2016\/06\/laizlogo2-300x190.jpg\" \/>\n<meta name=\"twitter:label1\" content=\"Dur\u00e9e de lecture estim\u00e9e\" \/>\n\t<meta name=\"twitter:data1\" content=\"6 minutes\" \/>\n<script type=\"application\/ld+json\" class=\"yoast-schema-graph\">{\"@context\":\"https:\\\/\\\/schema.org\",\"@graph\":[{\"@type\":\"WebPage\",\"@id\":\"https:\\\/\\\/laiz.fr\\\/wordpress\\\/\",\"url\":\"https:\\\/\\\/laiz.fr\\\/wordpress\\\/\",\"name\":\"L@iz'infos - MAIRIE DE LAIZ\",\"isPartOf\":{\"@id\":\"https:\\\/\\\/laiz.fr\\\/wordpress\\\/#website\"},\"primaryImageOfPage\":{\"@id\":\"https:\\\/\\\/laiz.fr\\\/wordpress\\\/#primaryimage\"},\"image\":{\"@id\":\"https:\\\/\\\/laiz.fr\\\/wordpress\\\/#primaryimage\"},\"thumbnailUrl\":\"http:\\\/\\\/laiz.fr\\\/wordpress\\\/wp-content\\\/uploads\\\/2016\\\/06\\\/laizlogo2-300x190.jpg\",\"datePublished\":\"2020-04-29T11:26:00+00:00\",\"dateModified\":\"2026-03-23T17:34:37+00:00\",\"breadcrumb\":{\"@id\":\"https:\\\/\\\/laiz.fr\\\/wordpress\\\/#breadcrumb\"},\"inLanguage\":\"fr-FR\",\"potentialAction\":[{\"@type\":\"ReadAction\",\"target\":[\"https:\\\/\\\/laiz.fr\\\/wordpress\\\/\"]}]},{\"@type\":\"ImageObject\",\"inLanguage\":\"fr-FR\",\"@id\":\"https:\\\/\\\/laiz.fr\\\/wordpress\\\/#primaryimage\",\"url\":\"http:\\\/\\\/laiz.fr\\\/wordpress\\\/wp-content\\\/uploads\\\/2016\\\/06\\\/laizlogo2-300x190.jpg\",\"contentUrl\":\"http:\\\/\\\/laiz.fr\\\/wordpress\\\/wp-content\\\/uploads\\\/2016\\\/06\\\/laizlogo2-300x190.jpg\"},{\"@type\":\"BreadcrumbList\",\"@id\":\"https:\\\/\\\/laiz.fr\\\/wordpress\\\/#breadcrumb\",\"itemListElement\":[{\"@type\":\"ListItem\",\"position\":1,\"name\":\"Accueil\",\"item\":\"https:\\\/\\\/laiz.fr\\\/wordpress\\\/\"},{\"@type\":\"ListItem\",\"position\":2,\"name\":\"L@iz&rsquo;infos\"}]},{\"@type\":\"WebSite\",\"@id\":\"https:\\\/\\\/laiz.fr\\\/wordpress\\\/#website\",\"url\":\"https:\\\/\\\/laiz.fr\\\/wordpress\\\/\",\"name\":\"MAIRIE DE LAIZ\",\"description\":\"Un village agr\u00e9able \u00e0 vivre\",\"potentialAction\":[{\"@type\":\"SearchAction\",\"target\":{\"@type\":\"EntryPoint\",\"urlTemplate\":\"https:\\\/\\\/laiz.fr\\\/wordpress\\\/?s={search_term_string}\"},\"query-input\":{\"@type\":\"PropertyValueSpecification\",\"valueRequired\":true,\"valueName\":\"search_term_string\"}}],\"inLanguage\":\"fr-FR\"}]}<\/script>\n<!-- \/ Yoast SEO plugin. -->","yoast_head_json":{"title":"L@iz'infos - MAIRIE DE LAIZ","robots":{"index":"index","follow":"follow","max-snippet":"max-snippet:-1","max-image-preview":"max-image-preview:large","max-video-preview":"max-video-preview:-1"},"canonical":"https:\/\/laiz.fr\/wordpress\/","og_locale":"fr_FR","og_type":"article","og_title":"L@iz'infos - MAIRIE DE LAIZ","og_description":"\u00a0 HORAIRES D\u2019OUVERTUREMAIRIE Lundi 08H00 \u2013 12H00 Mercredi 14H00 \u2013 17H00 Jeudi 09H00 \u2013 12H00 Vendredi 09H00 &#8211; 16H30 Le 1er samedi de chaque mois 10H00 &#8211; 12H00 (*hors jours f\u00e9ri\u00e9s) Des permanences seront propos\u00e9es certains mercredis entre 12H00 et 14H00. Toutefois, merci d&rsquo;appeler le secr\u00e9tariat avant de vous d\u00e9placer afin de vous assurer de &hellip; Continuer la lecture de L@iz&rsquo;infos &rarr;","og_url":"https:\/\/laiz.fr\/wordpress\/","og_site_name":"MAIRIE DE LAIZ","article_publisher":"https:\/\/www.facebook.com\/villagedelaiz","article_modified_time":"2026-03-23T17:34:37+00:00","og_image":[{"url":"http:\/\/laiz.fr\/wordpress\/wp-content\/uploads\/2016\/06\/laizlogo2-300x190.jpg","type":"","width":"","height":""}],"twitter_misc":{"Dur\u00e9e de lecture estim\u00e9e":"6 minutes"},"schema":{"@context":"https:\/\/schema.org","@graph":[{"@type":"WebPage","@id":"https:\/\/laiz.fr\/wordpress\/","url":"https:\/\/laiz.fr\/wordpress\/","name":"L@iz'infos - MAIRIE DE LAIZ","isPartOf":{"@id":"https:\/\/laiz.fr\/wordpress\/#website"},"primaryImageOfPage":{"@id":"https:\/\/laiz.fr\/wordpress\/#primaryimage"},"image":{"@id":"https:\/\/laiz.fr\/wordpress\/#primaryimage"},"thumbnailUrl":"http:\/\/laiz.fr\/wordpress\/wp-content\/uploads\/2016\/06\/laizlogo2-300x190.jpg","datePublished":"2020-04-29T11:26:00+00:00","dateModified":"2026-03-23T17:34:37+00:00","breadcrumb":{"@id":"https:\/\/laiz.fr\/wordpress\/#breadcrumb"},"inLanguage":"fr-FR","potentialAction":[{"@type":"ReadAction","target":["https:\/\/laiz.fr\/wordpress\/"]}]},{"@type":"ImageObject","inLanguage":"fr-FR","@id":"https:\/\/laiz.fr\/wordpress\/#primaryimage","url":"http:\/\/laiz.fr\/wordpress\/wp-content\/uploads\/2016\/06\/laizlogo2-300x190.jpg","contentUrl":"http:\/\/laiz.fr\/wordpress\/wp-content\/uploads\/2016\/06\/laizlogo2-300x190.jpg"},{"@type":"BreadcrumbList","@id":"https:\/\/laiz.fr\/wordpress\/#breadcrumb","itemListElement":[{"@type":"ListItem","position":1,"name":"Accueil","item":"https:\/\/laiz.fr\/wordpress\/"},{"@type":"ListItem","position":2,"name":"L@iz&rsquo;infos"}]},{"@type":"WebSite","@id":"https:\/\/laiz.fr\/wordpress\/#website","url":"https:\/\/laiz.fr\/wordpress\/","name":"MAIRIE DE LAIZ","description":"Un village agr\u00e9able \u00e0 vivre","potentialAction":[{"@type":"SearchAction","target":{"@type":"EntryPoint","urlTemplate":"https:\/\/laiz.fr\/wordpress\/?s={search_term_string}"},"query-input":{"@type":"PropertyValueSpecification","valueRequired":true,"valueName":"search_term_string"}}],"inLanguage":"fr-FR"}]}},"_links":{"self":[{"href":"https:\/\/laiz.fr\/wordpress\/wp-json\/wp\/v2\/pages\/152","targetHints":{"allow":["GET"]}}],"collection":[{"href":"https:\/\/laiz.fr\/wordpress\/wp-json\/wp\/v2\/pages"}],"about":[{"href":"https:\/\/laiz.fr\/wordpress\/wp-json\/wp\/v2\/types\/page"}],"author":[{"embeddable":true,"href":"https:\/\/laiz.fr\/wordpress\/wp-json\/wp\/v2\/users\/1"}],"replies":[{"embeddable":true,"href":"https:\/\/laiz.fr\/wordpress\/wp-json\/wp\/v2\/comments?post=152"}],"version-history":[{"count":635,"href":"https:\/\/laiz.fr\/wordpress\/wp-json\/wp\/v2\/pages\/152\/revisions"}],"predecessor-version":[{"id":7050,"href":"https:\/\/laiz.fr\/wordpress\/wp-json\/wp\/v2\/pages\/152\/revisions\/7050"}],"wp:attachment":[{"href":"https:\/\/laiz.fr\/wordpress\/wp-json\/wp\/v2\/media?parent=152"}],"curies":[{"name":"wp","href":"https:\/\/api.w.org\/{rel}","templated":true}]}}