{"id":189,"date":"2016-05-12T16:55:37","date_gmt":"2016-05-24T15:41:45","guid":{"rendered":"http:\/\/laiz.fr\/wordpress\/?page_id=189"},"modified":"2026-01-22T23:52:57","modified_gmt":"2026-01-22T22:52:57","slug":"urbanisme","status":"publish","type":"page","link":"https:\/\/laiz.fr\/wordpress\/demarches-administratives\/mais-aussi\/urbanisme\/","title":{"rendered":"URBANISME"},"content":{"rendered":"<p><a href=\"https:\/\/laiz.fr\/wordpress\/wp-content\/uploads\/2026\/01\/certif-urbanisme.jpg\"><img loading=\"lazy\" decoding=\"async\" class=\"alignnone  wp-image-6791\" src=\"https:\/\/laiz.fr\/wordpress\/wp-content\/uploads\/2026\/01\/certif-urbanisme-279x300.jpg\" alt=\"\" width=\"338\" height=\"363\" srcset=\"https:\/\/laiz.fr\/wordpress\/wp-content\/uploads\/2026\/01\/certif-urbanisme-279x300.jpg 279w, https:\/\/laiz.fr\/wordpress\/wp-content\/uploads\/2026\/01\/certif-urbanisme-768x826.jpg 768w, https:\/\/laiz.fr\/wordpress\/wp-content\/uploads\/2026\/01\/certif-urbanisme-600x645.jpg 600w, https:\/\/laiz.fr\/wordpress\/wp-content\/uploads\/2026\/01\/certif-urbanisme.jpg 783w\" sizes=\"auto, (max-width: 338px) 100vw, 338px\" \/><\/a><\/p>\n\n\n\n\n<h5 class=\"title\" style=\"text-align: center;\"><span style=\"color: #008000;\">DEMATERIALISATION DES AUTORISATIONS D&rsquo;URBANISME<\/span><\/h5>\n<p>Depuis le 1er janvier 2022, un usager peut d\u00e9poser sa demande d&rsquo;autorisation d&rsquo;urbanisme (DP, permis de construire&#8230;)\u00a0 en ligne, \u00e0 tout moment et o\u00f9 qu\u2019il soit, dans une d\u00e9marche simplifi\u00e9e et sans frais.<\/p>\n<p style=\"font-weight: 400;\">La commune de Laiz a mis en place la saisine par voie \u00e9lectronique (SVE) pour les demandes d\u2019autorisations d\u2019urbanisme .<\/p>\n<p style=\"font-weight: 400;\">Voici les liens pour acc\u00e9der au portail\u00a0:<\/p>\n<p style=\"font-weight: 400;\"><a href=\"https:\/\/puu.siea-sig.fr\/\" data-saferedirecturl=\"https:\/\/www.google.com\/url?q=https:\/\/portail.siea-sig.fr\/sve\/%23\/communesList&amp;source=gmail&amp;ust=1643912334251000&amp;usg=AOvVaw36qJZgeOpyffUy_t7uyNJU\">https:\/\/portail.siea-sig.fr\/sve\/#\/communesList<\/a><\/p>\n<p style=\"font-weight: 400;\"><a href=\"https:\/\/portail.siea-sig.fr\/sve\/#\/001203\/connexion\" data-saferedirecturl=\"https:\/\/www.google.com\/url?q=https:\/\/portail.siea-sig.fr\/sve\/%23\/001203\/connexion&amp;source=gmail&amp;ust=1643912334251000&amp;usg=AOvVaw24nyZaP36Agvqn5qURitko\">https:\/\/portail.siea-sig.fr\/sve\/#\/001203\/connexion<\/a><\/p>\n","protected":false},"excerpt":{"rendered":"<p>DEMATERIALISATION DES AUTORISATIONS D&rsquo;URBANISME Depuis le 1er janvier 2022, un usager peut d\u00e9poser sa demande d&rsquo;autorisation d&rsquo;urbanisme (DP, permis de construire&#8230;)\u00a0 en ligne, \u00e0 tout moment et o\u00f9 qu\u2019il soit, dans une d\u00e9marche simplifi\u00e9e et sans frais. La commune de Laiz a mis en place la saisine par voie \u00e9lectronique (SVE) pour les demandes d\u2019autorisations &hellip; <a href=\"https:\/\/laiz.fr\/wordpress\/demarches-administratives\/mais-aussi\/urbanisme\/\" class=\"more-link\">Continuer la lecture de <span class=\"screen-reader-text\">URBANISME<\/span>  <span class=\"meta-nav\">&rarr;<\/span><\/a><\/p>\n","protected":false},"author":1,"featured_media":0,"parent":215,"menu_order":0,"comment_status":"closed","ping_status":"closed","template":"","meta":{"footnotes":""},"class_list":["post-189","page","type-page","status-publish","hentry"],"yoast_head":"<!-- This site is optimized with the Yoast SEO plugin v27.4 - https:\/\/yoast.com\/product\/yoast-seo-wordpress\/ -->\n<title>URBANISME - MAIRIE DE LAIZ<\/title>\n<meta name=\"robots\" content=\"index, follow, max-snippet:-1, max-image-preview:large, max-video-preview:-1\" \/>\n<link rel=\"canonical\" href=\"https:\/\/laiz.fr\/wordpress\/demarches-administratives\/mais-aussi\/urbanisme\/\" \/>\n<meta property=\"og:locale\" content=\"fr_FR\" \/>\n<meta property=\"og:type\" content=\"article\" \/>\n<meta property=\"og:title\" content=\"URBANISME - MAIRIE DE LAIZ\" \/>\n<meta property=\"og:description\" content=\"DEMATERIALISATION DES AUTORISATIONS D&rsquo;URBANISME Depuis le 1er janvier 2022, un usager peut d\u00e9poser sa demande d&rsquo;autorisation d&rsquo;urbanisme (DP, permis de construire&#8230;)\u00a0 en ligne, \u00e0 tout moment et o\u00f9 qu\u2019il soit, dans une d\u00e9marche simplifi\u00e9e et sans frais. La commune de Laiz a mis en place la saisine par voie \u00e9lectronique (SVE) pour les demandes d\u2019autorisations &hellip; Continuer la lecture de URBANISME &rarr;\" \/>\n<meta property=\"og:url\" content=\"https:\/\/laiz.fr\/wordpress\/demarches-administratives\/mais-aussi\/urbanisme\/\" \/>\n<meta property=\"og:site_name\" content=\"MAIRIE DE LAIZ\" \/>\n<meta property=\"article:publisher\" content=\"https:\/\/www.facebook.com\/villagedelaiz\" \/>\n<meta property=\"article:modified_time\" content=\"2026-01-22T22:52:57+00:00\" \/>\n<meta property=\"og:image\" content=\"https:\/\/laiz.fr\/wordpress\/wp-content\/uploads\/2026\/01\/certif-urbanisme.jpg\" \/>\n\t<meta property=\"og:image:width\" content=\"783\" \/>\n\t<meta property=\"og:image:height\" content=\"842\" \/>\n\t<meta property=\"og:image:type\" content=\"image\/jpeg\" \/>\n<meta name=\"twitter:label1\" content=\"Dur\u00e9e de lecture estim\u00e9e\" \/>\n\t<meta name=\"twitter:data1\" content=\"1 minute\" \/>\n<script type=\"application\/ld+json\" class=\"yoast-schema-graph\">{\"@context\":\"https:\\\/\\\/schema.org\",\"@graph\":[{\"@type\":\"WebPage\",\"@id\":\"https:\\\/\\\/laiz.fr\\\/wordpress\\\/demarches-administratives\\\/mais-aussi\\\/urbanisme\\\/\",\"url\":\"https:\\\/\\\/laiz.fr\\\/wordpress\\\/demarches-administratives\\\/mais-aussi\\\/urbanisme\\\/\",\"name\":\"URBANISME - MAIRIE DE LAIZ\",\"isPartOf\":{\"@id\":\"https:\\\/\\\/laiz.fr\\\/wordpress\\\/#website\"},\"primaryImageOfPage\":{\"@id\":\"https:\\\/\\\/laiz.fr\\\/wordpress\\\/demarches-administratives\\\/mais-aussi\\\/urbanisme\\\/#primaryimage\"},\"image\":{\"@id\":\"https:\\\/\\\/laiz.fr\\\/wordpress\\\/demarches-administratives\\\/mais-aussi\\\/urbanisme\\\/#primaryimage\"},\"thumbnailUrl\":\"https:\\\/\\\/laiz.fr\\\/wordpress\\\/wp-content\\\/uploads\\\/2026\\\/01\\\/certif-urbanisme-279x300.jpg\",\"datePublished\":\"2016-05-24T15:41:45+00:00\",\"dateModified\":\"2026-01-22T22:52:57+00:00\",\"breadcrumb\":{\"@id\":\"https:\\\/\\\/laiz.fr\\\/wordpress\\\/demarches-administratives\\\/mais-aussi\\\/urbanisme\\\/#breadcrumb\"},\"inLanguage\":\"fr-FR\",\"potentialAction\":[{\"@type\":\"ReadAction\",\"target\":[\"https:\\\/\\\/laiz.fr\\\/wordpress\\\/demarches-administratives\\\/mais-aussi\\\/urbanisme\\\/\"]}]},{\"@type\":\"ImageObject\",\"inLanguage\":\"fr-FR\",\"@id\":\"https:\\\/\\\/laiz.fr\\\/wordpress\\\/demarches-administratives\\\/mais-aussi\\\/urbanisme\\\/#primaryimage\",\"url\":\"https:\\\/\\\/laiz.fr\\\/wordpress\\\/wp-content\\\/uploads\\\/2026\\\/01\\\/certif-urbanisme.jpg\",\"contentUrl\":\"https:\\\/\\\/laiz.fr\\\/wordpress\\\/wp-content\\\/uploads\\\/2026\\\/01\\\/certif-urbanisme.jpg\",\"width\":783,\"height\":842},{\"@type\":\"BreadcrumbList\",\"@id\":\"https:\\\/\\\/laiz.fr\\\/wordpress\\\/demarches-administratives\\\/mais-aussi\\\/urbanisme\\\/#breadcrumb\",\"itemListElement\":[{\"@type\":\"ListItem\",\"position\":1,\"name\":\"Accueil\",\"item\":\"https:\\\/\\\/laiz.fr\\\/wordpress\\\/\"},{\"@type\":\"ListItem\",\"position\":2,\"name\":\"D\u00e9marches administratives\",\"item\":\"https:\\\/\\\/laiz.fr\\\/wordpress\\\/demarches-administratives\\\/\"},{\"@type\":\"ListItem\",\"position\":3,\"name\":\"Mais aussi\",\"item\":\"https:\\\/\\\/laiz.fr\\\/wordpress\\\/demarches-administratives\\\/mais-aussi\\\/\"},{\"@type\":\"ListItem\",\"position\":4,\"name\":\"URBANISME\"}]},{\"@type\":\"WebSite\",\"@id\":\"https:\\\/\\\/laiz.fr\\\/wordpress\\\/#website\",\"url\":\"https:\\\/\\\/laiz.fr\\\/wordpress\\\/\",\"name\":\"MAIRIE DE LAIZ\",\"description\":\"Un village agr\u00e9able \u00e0 vivre\",\"potentialAction\":[{\"@type\":\"SearchAction\",\"target\":{\"@type\":\"EntryPoint\",\"urlTemplate\":\"https:\\\/\\\/laiz.fr\\\/wordpress\\\/?s={search_term_string}\"},\"query-input\":{\"@type\":\"PropertyValueSpecification\",\"valueRequired\":true,\"valueName\":\"search_term_string\"}}],\"inLanguage\":\"fr-FR\"}]}<\/script>\n<!-- \/ Yoast SEO plugin. -->","yoast_head_json":{"title":"URBANISME - MAIRIE DE LAIZ","robots":{"index":"index","follow":"follow","max-snippet":"max-snippet:-1","max-image-preview":"max-image-preview:large","max-video-preview":"max-video-preview:-1"},"canonical":"https:\/\/laiz.fr\/wordpress\/demarches-administratives\/mais-aussi\/urbanisme\/","og_locale":"fr_FR","og_type":"article","og_title":"URBANISME - MAIRIE DE LAIZ","og_description":"DEMATERIALISATION DES AUTORISATIONS D&rsquo;URBANISME Depuis le 1er janvier 2022, un usager peut d\u00e9poser sa demande d&rsquo;autorisation d&rsquo;urbanisme (DP, permis de construire&#8230;)\u00a0 en ligne, \u00e0 tout moment et o\u00f9 qu\u2019il soit, dans une d\u00e9marche simplifi\u00e9e et sans frais. La commune de Laiz a mis en place la saisine par voie \u00e9lectronique (SVE) pour les demandes d\u2019autorisations &hellip; Continuer la lecture de URBANISME &rarr;","og_url":"https:\/\/laiz.fr\/wordpress\/demarches-administratives\/mais-aussi\/urbanisme\/","og_site_name":"MAIRIE DE LAIZ","article_publisher":"https:\/\/www.facebook.com\/villagedelaiz","article_modified_time":"2026-01-22T22:52:57+00:00","og_image":[{"width":783,"height":842,"url":"https:\/\/laiz.fr\/wordpress\/wp-content\/uploads\/2026\/01\/certif-urbanisme.jpg","type":"image\/jpeg"}],"twitter_misc":{"Dur\u00e9e de lecture estim\u00e9e":"1 minute"},"schema":{"@context":"https:\/\/schema.org","@graph":[{"@type":"WebPage","@id":"https:\/\/laiz.fr\/wordpress\/demarches-administratives\/mais-aussi\/urbanisme\/","url":"https:\/\/laiz.fr\/wordpress\/demarches-administratives\/mais-aussi\/urbanisme\/","name":"URBANISME - MAIRIE DE LAIZ","isPartOf":{"@id":"https:\/\/laiz.fr\/wordpress\/#website"},"primaryImageOfPage":{"@id":"https:\/\/laiz.fr\/wordpress\/demarches-administratives\/mais-aussi\/urbanisme\/#primaryimage"},"image":{"@id":"https:\/\/laiz.fr\/wordpress\/demarches-administratives\/mais-aussi\/urbanisme\/#primaryimage"},"thumbnailUrl":"https:\/\/laiz.fr\/wordpress\/wp-content\/uploads\/2026\/01\/certif-urbanisme-279x300.jpg","datePublished":"2016-05-24T15:41:45+00:00","dateModified":"2026-01-22T22:52:57+00:00","breadcrumb":{"@id":"https:\/\/laiz.fr\/wordpress\/demarches-administratives\/mais-aussi\/urbanisme\/#breadcrumb"},"inLanguage":"fr-FR","potentialAction":[{"@type":"ReadAction","target":["https:\/\/laiz.fr\/wordpress\/demarches-administratives\/mais-aussi\/urbanisme\/"]}]},{"@type":"ImageObject","inLanguage":"fr-FR","@id":"https:\/\/laiz.fr\/wordpress\/demarches-administratives\/mais-aussi\/urbanisme\/#primaryimage","url":"https:\/\/laiz.fr\/wordpress\/wp-content\/uploads\/2026\/01\/certif-urbanisme.jpg","contentUrl":"https:\/\/laiz.fr\/wordpress\/wp-content\/uploads\/2026\/01\/certif-urbanisme.jpg","width":783,"height":842},{"@type":"BreadcrumbList","@id":"https:\/\/laiz.fr\/wordpress\/demarches-administratives\/mais-aussi\/urbanisme\/#breadcrumb","itemListElement":[{"@type":"ListItem","position":1,"name":"Accueil","item":"https:\/\/laiz.fr\/wordpress\/"},{"@type":"ListItem","position":2,"name":"D\u00e9marches administratives","item":"https:\/\/laiz.fr\/wordpress\/demarches-administratives\/"},{"@type":"ListItem","position":3,"name":"Mais aussi","item":"https:\/\/laiz.fr\/wordpress\/demarches-administratives\/mais-aussi\/"},{"@type":"ListItem","position":4,"name":"URBANISME"}]},{"@type":"WebSite","@id":"https:\/\/laiz.fr\/wordpress\/#website","url":"https:\/\/laiz.fr\/wordpress\/","name":"MAIRIE DE LAIZ","description":"Un village agr\u00e9able \u00e0 vivre","potentialAction":[{"@type":"SearchAction","target":{"@type":"EntryPoint","urlTemplate":"https:\/\/laiz.fr\/wordpress\/?s={search_term_string}"},"query-input":{"@type":"PropertyValueSpecification","valueRequired":true,"valueName":"search_term_string"}}],"inLanguage":"fr-FR"}]}},"_links":{"self":[{"href":"https:\/\/laiz.fr\/wordpress\/wp-json\/wp\/v2\/pages\/189","targetHints":{"allow":["GET"]}}],"collection":[{"href":"https:\/\/laiz.fr\/wordpress\/wp-json\/wp\/v2\/pages"}],"about":[{"href":"https:\/\/laiz.fr\/wordpress\/wp-json\/wp\/v2\/types\/page"}],"author":[{"embeddable":true,"href":"https:\/\/laiz.fr\/wordpress\/wp-json\/wp\/v2\/users\/1"}],"replies":[{"embeddable":true,"href":"https:\/\/laiz.fr\/wordpress\/wp-json\/wp\/v2\/comments?post=189"}],"version-history":[{"count":4,"href":"https:\/\/laiz.fr\/wordpress\/wp-json\/wp\/v2\/pages\/189\/revisions"}],"predecessor-version":[{"id":6797,"href":"https:\/\/laiz.fr\/wordpress\/wp-json\/wp\/v2\/pages\/189\/revisions\/6797"}],"up":[{"embeddable":true,"href":"https:\/\/laiz.fr\/wordpress\/wp-json\/wp\/v2\/pages\/215"}],"wp:attachment":[{"href":"https:\/\/laiz.fr\/wordpress\/wp-json\/wp\/v2\/media?parent=189"}],"curies":[{"name":"wp","href":"https:\/\/api.w.org\/{rel}","templated":true}]}}