{"id":198,"date":"2016-05-24T16:58:16","date_gmt":"2016-05-24T15:58:16","guid":{"rendered":"http:\/\/laiz.fr\/wordpress\/?page_id=198"},"modified":"2016-05-24T17:14:01","modified_gmt":"2016-05-24T16:14:01","slug":"autorisation-de-debit-de-boissons","status":"publish","type":"page","link":"https:\/\/laiz.fr\/wordpress\/demarches-administratives\/mais-aussi\/autorisation-de-debit-de-boissons\/","title":{"rendered":"Autorisation de d\u00e9bit de boissons"},"content":{"rendered":"<p class=\"spip\">Vous trouverez dans les prochains documents\u00a0:<\/p>\n<p class=\"spip\">* Les modalit\u00e9s d\u2019ouverture d\u2019une buvette associative temporaire.<\/p>\n<p class=\"spip\">* La classification des boissons alcoolis\u00e9es.<\/p>\n<p class=\"spip\">* Le document type de demande d\u2019autorisation d\u2019ouverture d\u2019une buvette temporaire \u00e0 renvoyer \u00e0 la mairie.<\/p>\n<p class=\"spip\"><a href=\"https:\/\/laiz.fr\/wordpress\/wp-content\/uploads\/2016\/05\/buvette-associative-temporaire.pdf\">buvette associative temporaire<\/a><\/p>\n<p class=\"spip\"><a href=\"https:\/\/laiz.fr\/wordpress\/wp-content\/uploads\/2016\/05\/classification-des-boissons-alcoolis\u00e9es.pdf\">classification des boissons alcoolis\u00e9es<\/a><\/p>\n<p class=\"spip\"><a href=\"https:\/\/laiz.fr\/wordpress\/wp-content\/uploads\/2016\/05\/Demande-autorisation-buvette.pdf\">Demande autorisation buvette<\/a><\/p>\n","protected":false},"excerpt":{"rendered":"<p>Vous trouverez dans les prochains documents\u00a0: * Les modalit\u00e9s d\u2019ouverture d\u2019une buvette associative temporaire. * La classification des boissons alcoolis\u00e9es. * Le document type de demande d\u2019autorisation d\u2019ouverture d\u2019une buvette temporaire \u00e0 renvoyer \u00e0 la mairie. buvette associative temporaire classification des boissons alcoolis\u00e9es Demande autorisation buvette<\/p>\n","protected":false},"author":1,"featured_media":0,"parent":215,"menu_order":0,"comment_status":"closed","ping_status":"closed","template":"","meta":{"footnotes":""},"class_list":["post-198","page","type-page","status-publish","hentry"],"yoast_head":"<!-- This site is optimized with the Yoast SEO plugin v27.3 - https:\/\/yoast.com\/product\/yoast-seo-wordpress\/ -->\n<title>Autorisation de d\u00e9bit de boissons - MAIRIE DE LAIZ<\/title>\n<meta name=\"robots\" content=\"index, follow, max-snippet:-1, max-image-preview:large, max-video-preview:-1\" \/>\n<link rel=\"canonical\" href=\"https:\/\/laiz.fr\/wordpress\/demarches-administratives\/mais-aussi\/autorisation-de-debit-de-boissons\/\" \/>\n<meta property=\"og:locale\" content=\"fr_FR\" \/>\n<meta property=\"og:type\" content=\"article\" \/>\n<meta property=\"og:title\" content=\"Autorisation de d\u00e9bit de boissons - MAIRIE DE LAIZ\" \/>\n<meta property=\"og:description\" content=\"Vous trouverez dans les prochains documents\u00a0: * Les modalit\u00e9s d\u2019ouverture d\u2019une buvette associative temporaire. * La classification des boissons alcoolis\u00e9es. * Le document type de demande d\u2019autorisation d\u2019ouverture d\u2019une buvette temporaire \u00e0 renvoyer \u00e0 la mairie. buvette associative temporaire classification des boissons alcoolis\u00e9es Demande autorisation buvette\" \/>\n<meta property=\"og:url\" content=\"https:\/\/laiz.fr\/wordpress\/demarches-administratives\/mais-aussi\/autorisation-de-debit-de-boissons\/\" \/>\n<meta property=\"og:site_name\" content=\"MAIRIE DE LAIZ\" \/>\n<meta property=\"article:publisher\" content=\"https:\/\/www.facebook.com\/villagedelaiz\" \/>\n<meta property=\"article:modified_time\" content=\"2016-05-24T16:14:01+00:00\" \/>\n<meta property=\"og:image\" content=\"https:\/\/laiz.fr\/wordpress\/wp-content\/uploads\/2016\/06\/laizlogo2.jpg\" \/>\n\t<meta property=\"og:image:width\" content=\"935\" \/>\n\t<meta property=\"og:image:height\" content=\"591\" \/>\n\t<meta property=\"og:image:type\" content=\"image\/jpeg\" \/>\n<script type=\"application\/ld+json\" class=\"yoast-schema-graph\">{\"@context\":\"https:\\\/\\\/schema.org\",\"@graph\":[{\"@type\":\"WebPage\",\"@id\":\"https:\\\/\\\/laiz.fr\\\/wordpress\\\/demarches-administratives\\\/mais-aussi\\\/autorisation-de-debit-de-boissons\\\/\",\"url\":\"https:\\\/\\\/laiz.fr\\\/wordpress\\\/demarches-administratives\\\/mais-aussi\\\/autorisation-de-debit-de-boissons\\\/\",\"name\":\"Autorisation de d\u00e9bit de boissons - MAIRIE DE LAIZ\",\"isPartOf\":{\"@id\":\"https:\\\/\\\/laiz.fr\\\/wordpress\\\/#website\"},\"datePublished\":\"2016-05-24T15:58:16+00:00\",\"dateModified\":\"2016-05-24T16:14:01+00:00\",\"breadcrumb\":{\"@id\":\"https:\\\/\\\/laiz.fr\\\/wordpress\\\/demarches-administratives\\\/mais-aussi\\\/autorisation-de-debit-de-boissons\\\/#breadcrumb\"},\"inLanguage\":\"fr-FR\",\"potentialAction\":[{\"@type\":\"ReadAction\",\"target\":[\"https:\\\/\\\/laiz.fr\\\/wordpress\\\/demarches-administratives\\\/mais-aussi\\\/autorisation-de-debit-de-boissons\\\/\"]}]},{\"@type\":\"BreadcrumbList\",\"@id\":\"https:\\\/\\\/laiz.fr\\\/wordpress\\\/demarches-administratives\\\/mais-aussi\\\/autorisation-de-debit-de-boissons\\\/#breadcrumb\",\"itemListElement\":[{\"@type\":\"ListItem\",\"position\":1,\"name\":\"Accueil\",\"item\":\"https:\\\/\\\/laiz.fr\\\/wordpress\\\/\"},{\"@type\":\"ListItem\",\"position\":2,\"name\":\"D\u00e9marches administratives\",\"item\":\"https:\\\/\\\/laiz.fr\\\/wordpress\\\/demarches-administratives\\\/\"},{\"@type\":\"ListItem\",\"position\":3,\"name\":\"Mais aussi\",\"item\":\"https:\\\/\\\/laiz.fr\\\/wordpress\\\/demarches-administratives\\\/mais-aussi\\\/\"},{\"@type\":\"ListItem\",\"position\":4,\"name\":\"Autorisation de d\u00e9bit de boissons\"}]},{\"@type\":\"WebSite\",\"@id\":\"https:\\\/\\\/laiz.fr\\\/wordpress\\\/#website\",\"url\":\"https:\\\/\\\/laiz.fr\\\/wordpress\\\/\",\"name\":\"MAIRIE DE LAIZ\",\"description\":\"Un village agr\u00e9able \u00e0 vivre\",\"potentialAction\":[{\"@type\":\"SearchAction\",\"target\":{\"@type\":\"EntryPoint\",\"urlTemplate\":\"https:\\\/\\\/laiz.fr\\\/wordpress\\\/?s={search_term_string}\"},\"query-input\":{\"@type\":\"PropertyValueSpecification\",\"valueRequired\":true,\"valueName\":\"search_term_string\"}}],\"inLanguage\":\"fr-FR\"}]}<\/script>\n<!-- \/ Yoast SEO plugin. -->","yoast_head_json":{"title":"Autorisation de d\u00e9bit de boissons - MAIRIE DE LAIZ","robots":{"index":"index","follow":"follow","max-snippet":"max-snippet:-1","max-image-preview":"max-image-preview:large","max-video-preview":"max-video-preview:-1"},"canonical":"https:\/\/laiz.fr\/wordpress\/demarches-administratives\/mais-aussi\/autorisation-de-debit-de-boissons\/","og_locale":"fr_FR","og_type":"article","og_title":"Autorisation de d\u00e9bit de boissons - MAIRIE DE LAIZ","og_description":"Vous trouverez dans les prochains documents\u00a0: * Les modalit\u00e9s d\u2019ouverture d\u2019une buvette associative temporaire. * La classification des boissons alcoolis\u00e9es. * Le document type de demande d\u2019autorisation d\u2019ouverture d\u2019une buvette temporaire \u00e0 renvoyer \u00e0 la mairie. buvette associative temporaire classification des boissons alcoolis\u00e9es Demande autorisation buvette","og_url":"https:\/\/laiz.fr\/wordpress\/demarches-administratives\/mais-aussi\/autorisation-de-debit-de-boissons\/","og_site_name":"MAIRIE DE LAIZ","article_publisher":"https:\/\/www.facebook.com\/villagedelaiz","article_modified_time":"2016-05-24T16:14:01+00:00","og_image":[{"width":935,"height":591,"url":"https:\/\/laiz.fr\/wordpress\/wp-content\/uploads\/2016\/06\/laizlogo2.jpg","type":"image\/jpeg"}],"schema":{"@context":"https:\/\/schema.org","@graph":[{"@type":"WebPage","@id":"https:\/\/laiz.fr\/wordpress\/demarches-administratives\/mais-aussi\/autorisation-de-debit-de-boissons\/","url":"https:\/\/laiz.fr\/wordpress\/demarches-administratives\/mais-aussi\/autorisation-de-debit-de-boissons\/","name":"Autorisation de d\u00e9bit de boissons - MAIRIE DE LAIZ","isPartOf":{"@id":"https:\/\/laiz.fr\/wordpress\/#website"},"datePublished":"2016-05-24T15:58:16+00:00","dateModified":"2016-05-24T16:14:01+00:00","breadcrumb":{"@id":"https:\/\/laiz.fr\/wordpress\/demarches-administratives\/mais-aussi\/autorisation-de-debit-de-boissons\/#breadcrumb"},"inLanguage":"fr-FR","potentialAction":[{"@type":"ReadAction","target":["https:\/\/laiz.fr\/wordpress\/demarches-administratives\/mais-aussi\/autorisation-de-debit-de-boissons\/"]}]},{"@type":"BreadcrumbList","@id":"https:\/\/laiz.fr\/wordpress\/demarches-administratives\/mais-aussi\/autorisation-de-debit-de-boissons\/#breadcrumb","itemListElement":[{"@type":"ListItem","position":1,"name":"Accueil","item":"https:\/\/laiz.fr\/wordpress\/"},{"@type":"ListItem","position":2,"name":"D\u00e9marches administratives","item":"https:\/\/laiz.fr\/wordpress\/demarches-administratives\/"},{"@type":"ListItem","position":3,"name":"Mais aussi","item":"https:\/\/laiz.fr\/wordpress\/demarches-administratives\/mais-aussi\/"},{"@type":"ListItem","position":4,"name":"Autorisation de d\u00e9bit de boissons"}]},{"@type":"WebSite","@id":"https:\/\/laiz.fr\/wordpress\/#website","url":"https:\/\/laiz.fr\/wordpress\/","name":"MAIRIE DE LAIZ","description":"Un village agr\u00e9able \u00e0 vivre","potentialAction":[{"@type":"SearchAction","target":{"@type":"EntryPoint","urlTemplate":"https:\/\/laiz.fr\/wordpress\/?s={search_term_string}"},"query-input":{"@type":"PropertyValueSpecification","valueRequired":true,"valueName":"search_term_string"}}],"inLanguage":"fr-FR"}]}},"_links":{"self":[{"href":"https:\/\/laiz.fr\/wordpress\/wp-json\/wp\/v2\/pages\/198","targetHints":{"allow":["GET"]}}],"collection":[{"href":"https:\/\/laiz.fr\/wordpress\/wp-json\/wp\/v2\/pages"}],"about":[{"href":"https:\/\/laiz.fr\/wordpress\/wp-json\/wp\/v2\/types\/page"}],"author":[{"embeddable":true,"href":"https:\/\/laiz.fr\/wordpress\/wp-json\/wp\/v2\/users\/1"}],"replies":[{"embeddable":true,"href":"https:\/\/laiz.fr\/wordpress\/wp-json\/wp\/v2\/comments?post=198"}],"version-history":[{"count":1,"href":"https:\/\/laiz.fr\/wordpress\/wp-json\/wp\/v2\/pages\/198\/revisions"}],"predecessor-version":[{"id":202,"href":"https:\/\/laiz.fr\/wordpress\/wp-json\/wp\/v2\/pages\/198\/revisions\/202"}],"up":[{"embeddable":true,"href":"https:\/\/laiz.fr\/wordpress\/wp-json\/wp\/v2\/pages\/215"}],"wp:attachment":[{"href":"https:\/\/laiz.fr\/wordpress\/wp-json\/wp\/v2\/media?parent=198"}],"curies":[{"name":"wp","href":"https:\/\/api.w.org\/{rel}","templated":true}]}}