{"id":207,"date":"2016-05-24T17:06:31","date_gmt":"2016-05-24T16:06:31","guid":{"rendered":"http:\/\/laiz.fr\/wordpress\/?page_id=207"},"modified":"2016-05-24T17:16:16","modified_gmt":"2016-05-24T16:16:16","slug":"reconnaissance-antenatale","status":"publish","type":"page","link":"https:\/\/laiz.fr\/wordpress\/demarches-administratives\/documents-officiels\/reconnaissance-antenatale\/","title":{"rendered":"Reconnaissance ant\u00e9natale"},"content":{"rendered":"<div dir=\"ltr\"><b>Vous attendez un heureux \u00e9v\u00e9nement&#8230; Vous n\u2019\u00eates pas mari\u00e9s&#8230;<\/b><\/div>\n<div dir=\"ltr\">Il vous appartient de reconna\u00eetre votre futur enfant avant sa naissance. Pour cela, vous (ainsi que votre conjoint) devez passer en mairie (attention, ne tardez pas trop, n\u2019attendez pas d\u2019accoucher..), munis de votre carte d\u2019identit\u00e9 et d\u2019un justificatif de domicile. Ainsi, la mairie vous d\u00e9livrera votre papier de reconnaissance ant\u00e9natale, document \u00e0 garder sur vous lors de l\u2019accouchement.<\/div>\n","protected":false},"excerpt":{"rendered":"<p>Vous attendez un heureux \u00e9v\u00e9nement&#8230; Vous n\u2019\u00eates pas mari\u00e9s&#8230; Il vous appartient de reconna\u00eetre votre futur enfant avant sa naissance. Pour cela, vous (ainsi que votre conjoint) devez passer en mairie (attention, ne tardez pas trop, n\u2019attendez pas d\u2019accoucher..), munis de votre carte d\u2019identit\u00e9 et d\u2019un justificatif de domicile. Ainsi, la mairie vous d\u00e9livrera votre &hellip; <a href=\"https:\/\/laiz.fr\/wordpress\/demarches-administratives\/documents-officiels\/reconnaissance-antenatale\/\" class=\"more-link\">Continuer la lecture de <span class=\"screen-reader-text\">Reconnaissance ant\u00e9natale<\/span>  <span class=\"meta-nav\">&rarr;<\/span><\/a><\/p>\n","protected":false},"author":1,"featured_media":0,"parent":213,"menu_order":0,"comment_status":"closed","ping_status":"closed","template":"","meta":{"footnotes":""},"class_list":["post-207","page","type-page","status-publish","hentry"],"yoast_head":"<!-- This site is optimized with the Yoast SEO plugin v27.4 - https:\/\/yoast.com\/product\/yoast-seo-wordpress\/ -->\n<title>Reconnaissance ant\u00e9natale - MAIRIE DE LAIZ<\/title>\n<meta name=\"robots\" content=\"index, follow, max-snippet:-1, max-image-preview:large, max-video-preview:-1\" \/>\n<link rel=\"canonical\" href=\"https:\/\/laiz.fr\/wordpress\/demarches-administratives\/documents-officiels\/reconnaissance-antenatale\/\" \/>\n<meta property=\"og:locale\" content=\"fr_FR\" \/>\n<meta property=\"og:type\" content=\"article\" \/>\n<meta property=\"og:title\" content=\"Reconnaissance ant\u00e9natale - MAIRIE DE LAIZ\" \/>\n<meta property=\"og:description\" content=\"Vous attendez un heureux \u00e9v\u00e9nement&#8230; Vous n\u2019\u00eates pas mari\u00e9s&#8230; Il vous appartient de reconna\u00eetre votre futur enfant avant sa naissance. Pour cela, vous (ainsi que votre conjoint) devez passer en mairie (attention, ne tardez pas trop, n\u2019attendez pas d\u2019accoucher..), munis de votre carte d\u2019identit\u00e9 et d\u2019un justificatif de domicile. Ainsi, la mairie vous d\u00e9livrera votre &hellip; Continuer la lecture de Reconnaissance ant\u00e9natale &rarr;\" \/>\n<meta property=\"og:url\" content=\"https:\/\/laiz.fr\/wordpress\/demarches-administratives\/documents-officiels\/reconnaissance-antenatale\/\" \/>\n<meta property=\"og:site_name\" content=\"MAIRIE DE LAIZ\" \/>\n<meta property=\"article:publisher\" content=\"https:\/\/www.facebook.com\/villagedelaiz\" \/>\n<meta property=\"article:modified_time\" content=\"2016-05-24T16:16:16+00:00\" \/>\n<meta property=\"og:image\" content=\"https:\/\/laiz.fr\/wordpress\/wp-content\/uploads\/2016\/06\/laizlogo2.jpg\" \/>\n\t<meta property=\"og:image:width\" content=\"935\" \/>\n\t<meta property=\"og:image:height\" content=\"591\" \/>\n\t<meta property=\"og:image:type\" content=\"image\/jpeg\" \/>\n<script type=\"application\/ld+json\" class=\"yoast-schema-graph\">{\"@context\":\"https:\\\/\\\/schema.org\",\"@graph\":[{\"@type\":\"WebPage\",\"@id\":\"https:\\\/\\\/laiz.fr\\\/wordpress\\\/demarches-administratives\\\/documents-officiels\\\/reconnaissance-antenatale\\\/\",\"url\":\"https:\\\/\\\/laiz.fr\\\/wordpress\\\/demarches-administratives\\\/documents-officiels\\\/reconnaissance-antenatale\\\/\",\"name\":\"Reconnaissance ant\u00e9natale - MAIRIE DE LAIZ\",\"isPartOf\":{\"@id\":\"https:\\\/\\\/laiz.fr\\\/wordpress\\\/#website\"},\"datePublished\":\"2016-05-24T16:06:31+00:00\",\"dateModified\":\"2016-05-24T16:16:16+00:00\",\"breadcrumb\":{\"@id\":\"https:\\\/\\\/laiz.fr\\\/wordpress\\\/demarches-administratives\\\/documents-officiels\\\/reconnaissance-antenatale\\\/#breadcrumb\"},\"inLanguage\":\"fr-FR\",\"potentialAction\":[{\"@type\":\"ReadAction\",\"target\":[\"https:\\\/\\\/laiz.fr\\\/wordpress\\\/demarches-administratives\\\/documents-officiels\\\/reconnaissance-antenatale\\\/\"]}]},{\"@type\":\"BreadcrumbList\",\"@id\":\"https:\\\/\\\/laiz.fr\\\/wordpress\\\/demarches-administratives\\\/documents-officiels\\\/reconnaissance-antenatale\\\/#breadcrumb\",\"itemListElement\":[{\"@type\":\"ListItem\",\"position\":1,\"name\":\"Accueil\",\"item\":\"https:\\\/\\\/laiz.fr\\\/wordpress\\\/\"},{\"@type\":\"ListItem\",\"position\":2,\"name\":\"D\u00e9marches administratives\",\"item\":\"https:\\\/\\\/laiz.fr\\\/wordpress\\\/demarches-administratives\\\/\"},{\"@type\":\"ListItem\",\"position\":3,\"name\":\"Documents officiels\",\"item\":\"https:\\\/\\\/laiz.fr\\\/wordpress\\\/demarches-administratives\\\/documents-officiels\\\/\"},{\"@type\":\"ListItem\",\"position\":4,\"name\":\"Reconnaissance ant\u00e9natale\"}]},{\"@type\":\"WebSite\",\"@id\":\"https:\\\/\\\/laiz.fr\\\/wordpress\\\/#website\",\"url\":\"https:\\\/\\\/laiz.fr\\\/wordpress\\\/\",\"name\":\"MAIRIE DE LAIZ\",\"description\":\"Un village agr\u00e9able \u00e0 vivre\",\"potentialAction\":[{\"@type\":\"SearchAction\",\"target\":{\"@type\":\"EntryPoint\",\"urlTemplate\":\"https:\\\/\\\/laiz.fr\\\/wordpress\\\/?s={search_term_string}\"},\"query-input\":{\"@type\":\"PropertyValueSpecification\",\"valueRequired\":true,\"valueName\":\"search_term_string\"}}],\"inLanguage\":\"fr-FR\"}]}<\/script>\n<!-- \/ Yoast SEO plugin. -->","yoast_head_json":{"title":"Reconnaissance ant\u00e9natale - MAIRIE DE LAIZ","robots":{"index":"index","follow":"follow","max-snippet":"max-snippet:-1","max-image-preview":"max-image-preview:large","max-video-preview":"max-video-preview:-1"},"canonical":"https:\/\/laiz.fr\/wordpress\/demarches-administratives\/documents-officiels\/reconnaissance-antenatale\/","og_locale":"fr_FR","og_type":"article","og_title":"Reconnaissance ant\u00e9natale - MAIRIE DE LAIZ","og_description":"Vous attendez un heureux \u00e9v\u00e9nement&#8230; Vous n\u2019\u00eates pas mari\u00e9s&#8230; Il vous appartient de reconna\u00eetre votre futur enfant avant sa naissance. Pour cela, vous (ainsi que votre conjoint) devez passer en mairie (attention, ne tardez pas trop, n\u2019attendez pas d\u2019accoucher..), munis de votre carte d\u2019identit\u00e9 et d\u2019un justificatif de domicile. Ainsi, la mairie vous d\u00e9livrera votre &hellip; Continuer la lecture de Reconnaissance ant\u00e9natale &rarr;","og_url":"https:\/\/laiz.fr\/wordpress\/demarches-administratives\/documents-officiels\/reconnaissance-antenatale\/","og_site_name":"MAIRIE DE LAIZ","article_publisher":"https:\/\/www.facebook.com\/villagedelaiz","article_modified_time":"2016-05-24T16:16:16+00:00","og_image":[{"width":935,"height":591,"url":"https:\/\/laiz.fr\/wordpress\/wp-content\/uploads\/2016\/06\/laizlogo2.jpg","type":"image\/jpeg"}],"schema":{"@context":"https:\/\/schema.org","@graph":[{"@type":"WebPage","@id":"https:\/\/laiz.fr\/wordpress\/demarches-administratives\/documents-officiels\/reconnaissance-antenatale\/","url":"https:\/\/laiz.fr\/wordpress\/demarches-administratives\/documents-officiels\/reconnaissance-antenatale\/","name":"Reconnaissance ant\u00e9natale - MAIRIE DE LAIZ","isPartOf":{"@id":"https:\/\/laiz.fr\/wordpress\/#website"},"datePublished":"2016-05-24T16:06:31+00:00","dateModified":"2016-05-24T16:16:16+00:00","breadcrumb":{"@id":"https:\/\/laiz.fr\/wordpress\/demarches-administratives\/documents-officiels\/reconnaissance-antenatale\/#breadcrumb"},"inLanguage":"fr-FR","potentialAction":[{"@type":"ReadAction","target":["https:\/\/laiz.fr\/wordpress\/demarches-administratives\/documents-officiels\/reconnaissance-antenatale\/"]}]},{"@type":"BreadcrumbList","@id":"https:\/\/laiz.fr\/wordpress\/demarches-administratives\/documents-officiels\/reconnaissance-antenatale\/#breadcrumb","itemListElement":[{"@type":"ListItem","position":1,"name":"Accueil","item":"https:\/\/laiz.fr\/wordpress\/"},{"@type":"ListItem","position":2,"name":"D\u00e9marches administratives","item":"https:\/\/laiz.fr\/wordpress\/demarches-administratives\/"},{"@type":"ListItem","position":3,"name":"Documents officiels","item":"https:\/\/laiz.fr\/wordpress\/demarches-administratives\/documents-officiels\/"},{"@type":"ListItem","position":4,"name":"Reconnaissance ant\u00e9natale"}]},{"@type":"WebSite","@id":"https:\/\/laiz.fr\/wordpress\/#website","url":"https:\/\/laiz.fr\/wordpress\/","name":"MAIRIE DE LAIZ","description":"Un village agr\u00e9able \u00e0 vivre","potentialAction":[{"@type":"SearchAction","target":{"@type":"EntryPoint","urlTemplate":"https:\/\/laiz.fr\/wordpress\/?s={search_term_string}"},"query-input":{"@type":"PropertyValueSpecification","valueRequired":true,"valueName":"search_term_string"}}],"inLanguage":"fr-FR"}]}},"_links":{"self":[{"href":"https:\/\/laiz.fr\/wordpress\/wp-json\/wp\/v2\/pages\/207","targetHints":{"allow":["GET"]}}],"collection":[{"href":"https:\/\/laiz.fr\/wordpress\/wp-json\/wp\/v2\/pages"}],"about":[{"href":"https:\/\/laiz.fr\/wordpress\/wp-json\/wp\/v2\/types\/page"}],"author":[{"embeddable":true,"href":"https:\/\/laiz.fr\/wordpress\/wp-json\/wp\/v2\/users\/1"}],"replies":[{"embeddable":true,"href":"https:\/\/laiz.fr\/wordpress\/wp-json\/wp\/v2\/comments?post=207"}],"version-history":[{"count":1,"href":"https:\/\/laiz.fr\/wordpress\/wp-json\/wp\/v2\/pages\/207\/revisions"}],"predecessor-version":[{"id":208,"href":"https:\/\/laiz.fr\/wordpress\/wp-json\/wp\/v2\/pages\/207\/revisions\/208"}],"up":[{"embeddable":true,"href":"https:\/\/laiz.fr\/wordpress\/wp-json\/wp\/v2\/pages\/213"}],"wp:attachment":[{"href":"https:\/\/laiz.fr\/wordpress\/wp-json\/wp\/v2\/media?parent=207"}],"curies":[{"name":"wp","href":"https:\/\/api.w.org\/{rel}","templated":true}]}}