{"id":211,"date":"2016-05-24T17:09:55","date_gmt":"2016-05-24T16:09:55","guid":{"rendered":"http:\/\/laiz.fr\/wordpress\/?page_id=211"},"modified":"2016-05-24T17:14:39","modified_gmt":"2016-05-24T16:14:39","slug":"lattestation-de-sortie-territoire-supprimee-1er-janvier-2013","status":"publish","type":"page","link":"https:\/\/laiz.fr\/wordpress\/demarches-administratives\/mais-aussi\/lattestation-de-sortie-territoire-supprimee-1er-janvier-2013\/","title":{"rendered":"L&rsquo;attestation de sortie du territoire est supprim\u00e9e depuis le 1er janvier 2013"},"content":{"rendered":"<p class=\"spip\">Ce document qui permettait \u00e0 un enfant de circuler dans certains pays sans \u00eatre accompagn\u00e9 de ses parents, est supprim\u00e9 depuis le 1er janvier 2013.<\/p>\n<p class=\"spip\">D\u00e9sormais, l\u2019enfant \u2013 qu\u2019il soit accompagn\u00e9 ou non &#8211; peut voyager \u00e0 l\u2019\u00e9tranger avec\u00a0:<\/p>\n<p class=\"spip\">soit sa carte nationale d\u2019identit\u00e9 seulement (notamment pour les pays de l\u2019Union europ\u00e9enne, de l\u2019espace Schengen, et la Suisse).<\/p>\n<p class=\"spip\">soit son passeport<\/p>\n<p class=\"spip\">soit son passeport accompagn\u00e9 d\u2019un visa.<\/p>\n<p class=\"spip\">Il convient de se renseigner au pr\u00e9alable sur les documents exig\u00e9s par le pays de destination en consultant les fiches pays du site diplomatie.gouv.fr.<\/p>\n<p class=\"spip\">Attention, si l\u2019enfant voyage avec un seul de ses parents, certains pays comme l\u2019Alg\u00e9rie, la Bosnie-Herz\u00e9govine ou le Maroc, peuvent r\u00e9clamer la preuve que l\u2019autre parent autorise ce voyage. Contrairement \u00e0 l\u2019ancienne autorisation de sortie de territoire, il s\u2019agit uniquement d\u2019un courrier sur papier libre qui n\u2019est pas d\u00e9livr\u00e9 en mairie.<\/p>\n","protected":false},"excerpt":{"rendered":"<p>Ce document qui permettait \u00e0 un enfant de circuler dans certains pays sans \u00eatre accompagn\u00e9 de ses parents, est supprim\u00e9 depuis le 1er janvier 2013. D\u00e9sormais, l\u2019enfant \u2013 qu\u2019il soit accompagn\u00e9 ou non &#8211; peut voyager \u00e0 l\u2019\u00e9tranger avec\u00a0: soit sa carte nationale d\u2019identit\u00e9 seulement (notamment pour les pays de l\u2019Union europ\u00e9enne, de l\u2019espace Schengen, &hellip; <a href=\"https:\/\/laiz.fr\/wordpress\/demarches-administratives\/mais-aussi\/lattestation-de-sortie-territoire-supprimee-1er-janvier-2013\/\" class=\"more-link\">Continuer la lecture de <span class=\"screen-reader-text\">L&rsquo;attestation de sortie du territoire est supprim\u00e9e depuis le 1er janvier 2013<\/span>  <span class=\"meta-nav\">&rarr;<\/span><\/a><\/p>\n","protected":false},"author":1,"featured_media":0,"parent":215,"menu_order":0,"comment_status":"closed","ping_status":"closed","template":"","meta":{"footnotes":""},"class_list":["post-211","page","type-page","status-publish","hentry"],"yoast_head":"<!-- This site is optimized with the Yoast SEO plugin v27.4 - https:\/\/yoast.com\/product\/yoast-seo-wordpress\/ -->\n<title>L&#039;attestation de sortie du territoire est supprim\u00e9e depuis le 1er janvier 2013 - MAIRIE DE LAIZ<\/title>\n<meta name=\"robots\" content=\"index, follow, max-snippet:-1, max-image-preview:large, max-video-preview:-1\" \/>\n<link rel=\"canonical\" href=\"https:\/\/laiz.fr\/wordpress\/demarches-administratives\/mais-aussi\/lattestation-de-sortie-territoire-supprimee-1er-janvier-2013\/\" \/>\n<meta property=\"og:locale\" content=\"fr_FR\" \/>\n<meta property=\"og:type\" content=\"article\" \/>\n<meta property=\"og:title\" content=\"L&#039;attestation de sortie du territoire est supprim\u00e9e depuis le 1er janvier 2013 - MAIRIE DE LAIZ\" \/>\n<meta property=\"og:description\" content=\"Ce document qui permettait \u00e0 un enfant de circuler dans certains pays sans \u00eatre accompagn\u00e9 de ses parents, est supprim\u00e9 depuis le 1er janvier 2013. D\u00e9sormais, l\u2019enfant \u2013 qu\u2019il soit accompagn\u00e9 ou non &#8211; peut voyager \u00e0 l\u2019\u00e9tranger avec\u00a0: soit sa carte nationale d\u2019identit\u00e9 seulement (notamment pour les pays de l\u2019Union europ\u00e9enne, de l\u2019espace Schengen, &hellip; Continuer la lecture de L&rsquo;attestation de sortie du territoire est supprim\u00e9e depuis le 1er janvier 2013 &rarr;\" \/>\n<meta property=\"og:url\" content=\"https:\/\/laiz.fr\/wordpress\/demarches-administratives\/mais-aussi\/lattestation-de-sortie-territoire-supprimee-1er-janvier-2013\/\" \/>\n<meta property=\"og:site_name\" content=\"MAIRIE DE LAIZ\" \/>\n<meta property=\"article:publisher\" content=\"https:\/\/www.facebook.com\/villagedelaiz\" \/>\n<meta property=\"article:modified_time\" content=\"2016-05-24T16:14:39+00:00\" \/>\n<meta property=\"og:image\" content=\"https:\/\/laiz.fr\/wordpress\/wp-content\/uploads\/2016\/06\/laizlogo2.jpg\" \/>\n\t<meta property=\"og:image:width\" content=\"935\" \/>\n\t<meta property=\"og:image:height\" content=\"591\" \/>\n\t<meta property=\"og:image:type\" content=\"image\/jpeg\" \/>\n<meta name=\"twitter:label1\" content=\"Dur\u00e9e de lecture estim\u00e9e\" \/>\n\t<meta name=\"twitter:data1\" content=\"1 minute\" \/>\n<script type=\"application\/ld+json\" class=\"yoast-schema-graph\">{\"@context\":\"https:\\\/\\\/schema.org\",\"@graph\":[{\"@type\":\"WebPage\",\"@id\":\"https:\\\/\\\/laiz.fr\\\/wordpress\\\/demarches-administratives\\\/mais-aussi\\\/lattestation-de-sortie-territoire-supprimee-1er-janvier-2013\\\/\",\"url\":\"https:\\\/\\\/laiz.fr\\\/wordpress\\\/demarches-administratives\\\/mais-aussi\\\/lattestation-de-sortie-territoire-supprimee-1er-janvier-2013\\\/\",\"name\":\"L'attestation de sortie du territoire est supprim\u00e9e depuis le 1er janvier 2013 - MAIRIE DE LAIZ\",\"isPartOf\":{\"@id\":\"https:\\\/\\\/laiz.fr\\\/wordpress\\\/#website\"},\"datePublished\":\"2016-05-24T16:09:55+00:00\",\"dateModified\":\"2016-05-24T16:14:39+00:00\",\"breadcrumb\":{\"@id\":\"https:\\\/\\\/laiz.fr\\\/wordpress\\\/demarches-administratives\\\/mais-aussi\\\/lattestation-de-sortie-territoire-supprimee-1er-janvier-2013\\\/#breadcrumb\"},\"inLanguage\":\"fr-FR\",\"potentialAction\":[{\"@type\":\"ReadAction\",\"target\":[\"https:\\\/\\\/laiz.fr\\\/wordpress\\\/demarches-administratives\\\/mais-aussi\\\/lattestation-de-sortie-territoire-supprimee-1er-janvier-2013\\\/\"]}]},{\"@type\":\"BreadcrumbList\",\"@id\":\"https:\\\/\\\/laiz.fr\\\/wordpress\\\/demarches-administratives\\\/mais-aussi\\\/lattestation-de-sortie-territoire-supprimee-1er-janvier-2013\\\/#breadcrumb\",\"itemListElement\":[{\"@type\":\"ListItem\",\"position\":1,\"name\":\"Accueil\",\"item\":\"https:\\\/\\\/laiz.fr\\\/wordpress\\\/\"},{\"@type\":\"ListItem\",\"position\":2,\"name\":\"D\u00e9marches administratives\",\"item\":\"https:\\\/\\\/laiz.fr\\\/wordpress\\\/demarches-administratives\\\/\"},{\"@type\":\"ListItem\",\"position\":3,\"name\":\"Mais aussi\",\"item\":\"https:\\\/\\\/laiz.fr\\\/wordpress\\\/demarches-administratives\\\/mais-aussi\\\/\"},{\"@type\":\"ListItem\",\"position\":4,\"name\":\"L&rsquo;attestation de sortie du territoire est supprim\u00e9e depuis le 1er janvier 2013\"}]},{\"@type\":\"WebSite\",\"@id\":\"https:\\\/\\\/laiz.fr\\\/wordpress\\\/#website\",\"url\":\"https:\\\/\\\/laiz.fr\\\/wordpress\\\/\",\"name\":\"MAIRIE DE LAIZ\",\"description\":\"Un village agr\u00e9able \u00e0 vivre\",\"potentialAction\":[{\"@type\":\"SearchAction\",\"target\":{\"@type\":\"EntryPoint\",\"urlTemplate\":\"https:\\\/\\\/laiz.fr\\\/wordpress\\\/?s={search_term_string}\"},\"query-input\":{\"@type\":\"PropertyValueSpecification\",\"valueRequired\":true,\"valueName\":\"search_term_string\"}}],\"inLanguage\":\"fr-FR\"}]}<\/script>\n<!-- \/ Yoast SEO plugin. -->","yoast_head_json":{"title":"L'attestation de sortie du territoire est supprim\u00e9e depuis le 1er janvier 2013 - MAIRIE DE LAIZ","robots":{"index":"index","follow":"follow","max-snippet":"max-snippet:-1","max-image-preview":"max-image-preview:large","max-video-preview":"max-video-preview:-1"},"canonical":"https:\/\/laiz.fr\/wordpress\/demarches-administratives\/mais-aussi\/lattestation-de-sortie-territoire-supprimee-1er-janvier-2013\/","og_locale":"fr_FR","og_type":"article","og_title":"L'attestation de sortie du territoire est supprim\u00e9e depuis le 1er janvier 2013 - MAIRIE DE LAIZ","og_description":"Ce document qui permettait \u00e0 un enfant de circuler dans certains pays sans \u00eatre accompagn\u00e9 de ses parents, est supprim\u00e9 depuis le 1er janvier 2013. D\u00e9sormais, l\u2019enfant \u2013 qu\u2019il soit accompagn\u00e9 ou non &#8211; peut voyager \u00e0 l\u2019\u00e9tranger avec\u00a0: soit sa carte nationale d\u2019identit\u00e9 seulement (notamment pour les pays de l\u2019Union europ\u00e9enne, de l\u2019espace Schengen, &hellip; Continuer la lecture de L&rsquo;attestation de sortie du territoire est supprim\u00e9e depuis le 1er janvier 2013 &rarr;","og_url":"https:\/\/laiz.fr\/wordpress\/demarches-administratives\/mais-aussi\/lattestation-de-sortie-territoire-supprimee-1er-janvier-2013\/","og_site_name":"MAIRIE DE LAIZ","article_publisher":"https:\/\/www.facebook.com\/villagedelaiz","article_modified_time":"2016-05-24T16:14:39+00:00","og_image":[{"width":935,"height":591,"url":"https:\/\/laiz.fr\/wordpress\/wp-content\/uploads\/2016\/06\/laizlogo2.jpg","type":"image\/jpeg"}],"twitter_misc":{"Dur\u00e9e de lecture estim\u00e9e":"1 minute"},"schema":{"@context":"https:\/\/schema.org","@graph":[{"@type":"WebPage","@id":"https:\/\/laiz.fr\/wordpress\/demarches-administratives\/mais-aussi\/lattestation-de-sortie-territoire-supprimee-1er-janvier-2013\/","url":"https:\/\/laiz.fr\/wordpress\/demarches-administratives\/mais-aussi\/lattestation-de-sortie-territoire-supprimee-1er-janvier-2013\/","name":"L'attestation de sortie du territoire est supprim\u00e9e depuis le 1er janvier 2013 - MAIRIE DE LAIZ","isPartOf":{"@id":"https:\/\/laiz.fr\/wordpress\/#website"},"datePublished":"2016-05-24T16:09:55+00:00","dateModified":"2016-05-24T16:14:39+00:00","breadcrumb":{"@id":"https:\/\/laiz.fr\/wordpress\/demarches-administratives\/mais-aussi\/lattestation-de-sortie-territoire-supprimee-1er-janvier-2013\/#breadcrumb"},"inLanguage":"fr-FR","potentialAction":[{"@type":"ReadAction","target":["https:\/\/laiz.fr\/wordpress\/demarches-administratives\/mais-aussi\/lattestation-de-sortie-territoire-supprimee-1er-janvier-2013\/"]}]},{"@type":"BreadcrumbList","@id":"https:\/\/laiz.fr\/wordpress\/demarches-administratives\/mais-aussi\/lattestation-de-sortie-territoire-supprimee-1er-janvier-2013\/#breadcrumb","itemListElement":[{"@type":"ListItem","position":1,"name":"Accueil","item":"https:\/\/laiz.fr\/wordpress\/"},{"@type":"ListItem","position":2,"name":"D\u00e9marches administratives","item":"https:\/\/laiz.fr\/wordpress\/demarches-administratives\/"},{"@type":"ListItem","position":3,"name":"Mais aussi","item":"https:\/\/laiz.fr\/wordpress\/demarches-administratives\/mais-aussi\/"},{"@type":"ListItem","position":4,"name":"L&rsquo;attestation de sortie du territoire est supprim\u00e9e depuis le 1er janvier 2013"}]},{"@type":"WebSite","@id":"https:\/\/laiz.fr\/wordpress\/#website","url":"https:\/\/laiz.fr\/wordpress\/","name":"MAIRIE DE LAIZ","description":"Un village agr\u00e9able \u00e0 vivre","potentialAction":[{"@type":"SearchAction","target":{"@type":"EntryPoint","urlTemplate":"https:\/\/laiz.fr\/wordpress\/?s={search_term_string}"},"query-input":{"@type":"PropertyValueSpecification","valueRequired":true,"valueName":"search_term_string"}}],"inLanguage":"fr-FR"}]}},"_links":{"self":[{"href":"https:\/\/laiz.fr\/wordpress\/wp-json\/wp\/v2\/pages\/211","targetHints":{"allow":["GET"]}}],"collection":[{"href":"https:\/\/laiz.fr\/wordpress\/wp-json\/wp\/v2\/pages"}],"about":[{"href":"https:\/\/laiz.fr\/wordpress\/wp-json\/wp\/v2\/types\/page"}],"author":[{"embeddable":true,"href":"https:\/\/laiz.fr\/wordpress\/wp-json\/wp\/v2\/users\/1"}],"replies":[{"embeddable":true,"href":"https:\/\/laiz.fr\/wordpress\/wp-json\/wp\/v2\/comments?post=211"}],"version-history":[{"count":1,"href":"https:\/\/laiz.fr\/wordpress\/wp-json\/wp\/v2\/pages\/211\/revisions"}],"predecessor-version":[{"id":212,"href":"https:\/\/laiz.fr\/wordpress\/wp-json\/wp\/v2\/pages\/211\/revisions\/212"}],"up":[{"embeddable":true,"href":"https:\/\/laiz.fr\/wordpress\/wp-json\/wp\/v2\/pages\/215"}],"wp:attachment":[{"href":"https:\/\/laiz.fr\/wordpress\/wp-json\/wp\/v2\/media?parent=211"}],"curies":[{"name":"wp","href":"https:\/\/api.w.org\/{rel}","templated":true}]}}