{"id":402,"date":"2016-09-25T16:32:10","date_gmt":"2016-09-25T14:32:10","guid":{"rendered":"http:\/\/laiz.fr\/wordpress\/?page_id=402"},"modified":"2019-10-06T18:39:44","modified_gmt":"2019-10-06T16:39:44","slug":"declaration-de-rucher","status":"publish","type":"page","link":"https:\/\/laiz.fr\/wordpress\/demarches-administratives\/mais-aussi\/declaration-de-rucher\/","title":{"rendered":"D\u00e9claration de rucher"},"content":{"rendered":"<p><a href=\"https:\/\/laiz.fr\/wordpress\/wp-content\/uploads\/2018\/12\/Affiche-de\u0301claration-de-ruches.jpg\"><img loading=\"lazy\" decoding=\"async\" class=\"alignnone size-medium wp-image-1829\" src=\"https:\/\/laiz.fr\/wordpress\/wp-content\/uploads\/2018\/12\/Affiche-de\u0301claration-de-ruches-214x300.jpg\" alt=\"\" width=\"214\" height=\"300\" srcset=\"https:\/\/laiz.fr\/wordpress\/wp-content\/uploads\/2018\/12\/Affiche-de\u0301claration-de-ruches-214x300.jpg 214w, https:\/\/laiz.fr\/wordpress\/wp-content\/uploads\/2018\/12\/Affiche-de\u0301claration-de-ruches-768x1075.jpg 768w, https:\/\/laiz.fr\/wordpress\/wp-content\/uploads\/2018\/12\/Affiche-de\u0301claration-de-ruches-731x1024.jpg 731w, https:\/\/laiz.fr\/wordpress\/wp-content\/uploads\/2018\/12\/Affiche-de\u0301claration-de-ruches-600x840.jpg 600w, https:\/\/laiz.fr\/wordpress\/wp-content\/uploads\/2018\/12\/Affiche-de\u0301claration-de-ruches.jpg 1968w\" sizes=\"auto, (max-width: 214px) 100vw, 214px\" \/><\/a><\/p>\n<p>La d\u00e9claration des ruches est obligatoire et permet de se battre contre les risques sanitaires concernant les abeilles.<\/p>\n<p><a href=\"https:\/\/laiz.fr\/wordpress\/wp-content\/uploads\/2018\/12\/D\u00e9claration-de-ruchers-Campagne-g\u00e9n\u00e9rale.jpg\"><img loading=\"lazy\" decoding=\"async\" class=\"alignnone size-medium wp-image-1827\" src=\"https:\/\/laiz.fr\/wordpress\/wp-content\/uploads\/2018\/12\/D\u00e9claration-de-ruchers-Campagne-g\u00e9n\u00e9rale-212x300.jpg\" alt=\"\" width=\"212\" height=\"300\" srcset=\"https:\/\/laiz.fr\/wordpress\/wp-content\/uploads\/2018\/12\/D\u00e9claration-de-ruchers-Campagne-g\u00e9n\u00e9rale-212x300.jpg 212w, https:\/\/laiz.fr\/wordpress\/wp-content\/uploads\/2018\/12\/D\u00e9claration-de-ruchers-Campagne-g\u00e9n\u00e9rale-768x1087.jpg 768w, https:\/\/laiz.fr\/wordpress\/wp-content\/uploads\/2018\/12\/D\u00e9claration-de-ruchers-Campagne-g\u00e9n\u00e9rale-724x1024.jpg 724w, https:\/\/laiz.fr\/wordpress\/wp-content\/uploads\/2018\/12\/D\u00e9claration-de-ruchers-Campagne-g\u00e9n\u00e9rale-600x849.jpg 600w, https:\/\/laiz.fr\/wordpress\/wp-content\/uploads\/2018\/12\/D\u00e9claration-de-ruchers-Campagne-g\u00e9n\u00e9rale.jpg 826w\" sizes=\"auto, (max-width: 212px) 100vw, 212px\" \/><\/a><\/p>\n<p><a href=\"https:\/\/laiz.fr\/wordpress\/wp-content\/uploads\/2016\/05\/declaration-de-ruches-2016-cerfa.pdf\">declaration-de-ruches-2016-cerfa<\/a><\/p>\n","protected":false},"excerpt":{"rendered":"<p>La d\u00e9claration des ruches est obligatoire et permet de se battre contre les risques sanitaires concernant les abeilles. declaration-de-ruches-2016-cerfa<\/p>\n","protected":false},"author":1,"featured_media":0,"parent":215,"menu_order":0,"comment_status":"closed","ping_status":"closed","template":"","meta":{"footnotes":""},"class_list":["post-402","page","type-page","status-publish","hentry"],"yoast_head":"<!-- This site is optimized with the Yoast SEO plugin v27.4 - https:\/\/yoast.com\/product\/yoast-seo-wordpress\/ -->\n<title>D\u00e9claration de rucher - MAIRIE DE LAIZ<\/title>\n<meta name=\"robots\" content=\"index, follow, max-snippet:-1, max-image-preview:large, max-video-preview:-1\" \/>\n<link rel=\"canonical\" href=\"https:\/\/laiz.fr\/wordpress\/demarches-administratives\/mais-aussi\/declaration-de-rucher\/\" \/>\n<meta property=\"og:locale\" content=\"fr_FR\" \/>\n<meta property=\"og:type\" content=\"article\" \/>\n<meta property=\"og:title\" content=\"D\u00e9claration de rucher - MAIRIE DE LAIZ\" \/>\n<meta property=\"og:description\" content=\"La d\u00e9claration des ruches est obligatoire et permet de se battre contre les risques sanitaires concernant les abeilles. declaration-de-ruches-2016-cerfa\" \/>\n<meta property=\"og:url\" content=\"https:\/\/laiz.fr\/wordpress\/demarches-administratives\/mais-aussi\/declaration-de-rucher\/\" \/>\n<meta property=\"og:site_name\" content=\"MAIRIE DE LAIZ\" \/>\n<meta property=\"article:publisher\" content=\"https:\/\/www.facebook.com\/villagedelaiz\" \/>\n<meta property=\"article:modified_time\" content=\"2019-10-06T16:39:44+00:00\" \/>\n<meta property=\"og:image\" content=\"https:\/\/laiz.fr\/wordpress\/wp-content\/uploads\/2016\/06\/laizlogo2.jpg\" \/>\n\t<meta property=\"og:image:width\" content=\"935\" \/>\n\t<meta property=\"og:image:height\" content=\"591\" \/>\n\t<meta property=\"og:image:type\" content=\"image\/jpeg\" \/>\n<script type=\"application\/ld+json\" class=\"yoast-schema-graph\">{\"@context\":\"https:\\\/\\\/schema.org\",\"@graph\":[{\"@type\":\"WebPage\",\"@id\":\"https:\\\/\\\/laiz.fr\\\/wordpress\\\/demarches-administratives\\\/mais-aussi\\\/declaration-de-rucher\\\/\",\"url\":\"https:\\\/\\\/laiz.fr\\\/wordpress\\\/demarches-administratives\\\/mais-aussi\\\/declaration-de-rucher\\\/\",\"name\":\"D\u00e9claration de rucher - MAIRIE DE LAIZ\",\"isPartOf\":{\"@id\":\"https:\\\/\\\/laiz.fr\\\/wordpress\\\/#website\"},\"datePublished\":\"2016-09-25T14:32:10+00:00\",\"dateModified\":\"2019-10-06T16:39:44+00:00\",\"breadcrumb\":{\"@id\":\"https:\\\/\\\/laiz.fr\\\/wordpress\\\/demarches-administratives\\\/mais-aussi\\\/declaration-de-rucher\\\/#breadcrumb\"},\"inLanguage\":\"fr-FR\",\"potentialAction\":[{\"@type\":\"ReadAction\",\"target\":[\"https:\\\/\\\/laiz.fr\\\/wordpress\\\/demarches-administratives\\\/mais-aussi\\\/declaration-de-rucher\\\/\"]}]},{\"@type\":\"BreadcrumbList\",\"@id\":\"https:\\\/\\\/laiz.fr\\\/wordpress\\\/demarches-administratives\\\/mais-aussi\\\/declaration-de-rucher\\\/#breadcrumb\",\"itemListElement\":[{\"@type\":\"ListItem\",\"position\":1,\"name\":\"Accueil\",\"item\":\"https:\\\/\\\/laiz.fr\\\/wordpress\\\/\"},{\"@type\":\"ListItem\",\"position\":2,\"name\":\"D\u00e9marches administratives\",\"item\":\"https:\\\/\\\/laiz.fr\\\/wordpress\\\/demarches-administratives\\\/\"},{\"@type\":\"ListItem\",\"position\":3,\"name\":\"Mais aussi\",\"item\":\"https:\\\/\\\/laiz.fr\\\/wordpress\\\/demarches-administratives\\\/mais-aussi\\\/\"},{\"@type\":\"ListItem\",\"position\":4,\"name\":\"D\u00e9claration de rucher\"}]},{\"@type\":\"WebSite\",\"@id\":\"https:\\\/\\\/laiz.fr\\\/wordpress\\\/#website\",\"url\":\"https:\\\/\\\/laiz.fr\\\/wordpress\\\/\",\"name\":\"MAIRIE DE LAIZ\",\"description\":\"Un village agr\u00e9able \u00e0 vivre\",\"potentialAction\":[{\"@type\":\"SearchAction\",\"target\":{\"@type\":\"EntryPoint\",\"urlTemplate\":\"https:\\\/\\\/laiz.fr\\\/wordpress\\\/?s={search_term_string}\"},\"query-input\":{\"@type\":\"PropertyValueSpecification\",\"valueRequired\":true,\"valueName\":\"search_term_string\"}}],\"inLanguage\":\"fr-FR\"}]}<\/script>\n<!-- \/ Yoast SEO plugin. -->","yoast_head_json":{"title":"D\u00e9claration de rucher - MAIRIE DE LAIZ","robots":{"index":"index","follow":"follow","max-snippet":"max-snippet:-1","max-image-preview":"max-image-preview:large","max-video-preview":"max-video-preview:-1"},"canonical":"https:\/\/laiz.fr\/wordpress\/demarches-administratives\/mais-aussi\/declaration-de-rucher\/","og_locale":"fr_FR","og_type":"article","og_title":"D\u00e9claration de rucher - MAIRIE DE LAIZ","og_description":"La d\u00e9claration des ruches est obligatoire et permet de se battre contre les risques sanitaires concernant les abeilles. declaration-de-ruches-2016-cerfa","og_url":"https:\/\/laiz.fr\/wordpress\/demarches-administratives\/mais-aussi\/declaration-de-rucher\/","og_site_name":"MAIRIE DE LAIZ","article_publisher":"https:\/\/www.facebook.com\/villagedelaiz","article_modified_time":"2019-10-06T16:39:44+00:00","og_image":[{"width":935,"height":591,"url":"https:\/\/laiz.fr\/wordpress\/wp-content\/uploads\/2016\/06\/laizlogo2.jpg","type":"image\/jpeg"}],"schema":{"@context":"https:\/\/schema.org","@graph":[{"@type":"WebPage","@id":"https:\/\/laiz.fr\/wordpress\/demarches-administratives\/mais-aussi\/declaration-de-rucher\/","url":"https:\/\/laiz.fr\/wordpress\/demarches-administratives\/mais-aussi\/declaration-de-rucher\/","name":"D\u00e9claration de rucher - MAIRIE DE LAIZ","isPartOf":{"@id":"https:\/\/laiz.fr\/wordpress\/#website"},"datePublished":"2016-09-25T14:32:10+00:00","dateModified":"2019-10-06T16:39:44+00:00","breadcrumb":{"@id":"https:\/\/laiz.fr\/wordpress\/demarches-administratives\/mais-aussi\/declaration-de-rucher\/#breadcrumb"},"inLanguage":"fr-FR","potentialAction":[{"@type":"ReadAction","target":["https:\/\/laiz.fr\/wordpress\/demarches-administratives\/mais-aussi\/declaration-de-rucher\/"]}]},{"@type":"BreadcrumbList","@id":"https:\/\/laiz.fr\/wordpress\/demarches-administratives\/mais-aussi\/declaration-de-rucher\/#breadcrumb","itemListElement":[{"@type":"ListItem","position":1,"name":"Accueil","item":"https:\/\/laiz.fr\/wordpress\/"},{"@type":"ListItem","position":2,"name":"D\u00e9marches administratives","item":"https:\/\/laiz.fr\/wordpress\/demarches-administratives\/"},{"@type":"ListItem","position":3,"name":"Mais aussi","item":"https:\/\/laiz.fr\/wordpress\/demarches-administratives\/mais-aussi\/"},{"@type":"ListItem","position":4,"name":"D\u00e9claration de rucher"}]},{"@type":"WebSite","@id":"https:\/\/laiz.fr\/wordpress\/#website","url":"https:\/\/laiz.fr\/wordpress\/","name":"MAIRIE DE LAIZ","description":"Un village agr\u00e9able \u00e0 vivre","potentialAction":[{"@type":"SearchAction","target":{"@type":"EntryPoint","urlTemplate":"https:\/\/laiz.fr\/wordpress\/?s={search_term_string}"},"query-input":{"@type":"PropertyValueSpecification","valueRequired":true,"valueName":"search_term_string"}}],"inLanguage":"fr-FR"}]}},"_links":{"self":[{"href":"https:\/\/laiz.fr\/wordpress\/wp-json\/wp\/v2\/pages\/402","targetHints":{"allow":["GET"]}}],"collection":[{"href":"https:\/\/laiz.fr\/wordpress\/wp-json\/wp\/v2\/pages"}],"about":[{"href":"https:\/\/laiz.fr\/wordpress\/wp-json\/wp\/v2\/types\/page"}],"author":[{"embeddable":true,"href":"https:\/\/laiz.fr\/wordpress\/wp-json\/wp\/v2\/users\/1"}],"replies":[{"embeddable":true,"href":"https:\/\/laiz.fr\/wordpress\/wp-json\/wp\/v2\/comments?post=402"}],"version-history":[{"count":3,"href":"https:\/\/laiz.fr\/wordpress\/wp-json\/wp\/v2\/pages\/402\/revisions"}],"predecessor-version":[{"id":2049,"href":"https:\/\/laiz.fr\/wordpress\/wp-json\/wp\/v2\/pages\/402\/revisions\/2049"}],"up":[{"embeddable":true,"href":"https:\/\/laiz.fr\/wordpress\/wp-json\/wp\/v2\/pages\/215"}],"wp:attachment":[{"href":"https:\/\/laiz.fr\/wordpress\/wp-json\/wp\/v2\/media?parent=402"}],"curies":[{"name":"wp","href":"https:\/\/api.w.org\/{rel}","templated":true}]}}