{"id":587,"date":"2016-06-12T15:32:41","date_gmt":"2016-06-12T13:32:41","guid":{"rendered":"http:\/\/laiz.fr\/wordpress\/?page_id=587"},"modified":"2016-06-20T13:50:39","modified_gmt":"2016-06-20T11:50:39","slug":"cerfa","status":"publish","type":"page","link":"https:\/\/laiz.fr\/wordpress\/demarches-administratives\/documents-officiels\/cerfa\/","title":{"rendered":"CERFA"},"content":{"rendered":"<p>Certains de vos CERFA peuvent \u00eatre r\u00e9cup\u00e9rer directement sur le site du service public. cliquez sur <a href=\"https:\/\/www.service-public.fr\/\"><img loading=\"lazy\" decoding=\"async\" class=\"\" src=\"https:\/\/www.service-public.fr\/resources\/v-8b40c43ae8\/web\/img\/logo-service-public.png\" alt=\"Accueil Service-Public.fr\" width=\"157\" height=\"22\" \/><\/a><\/p>\n","protected":false},"excerpt":{"rendered":"<p>Certains de vos CERFA peuvent \u00eatre r\u00e9cup\u00e9rer directement sur le site du service public. cliquez sur<\/p>\n","protected":false},"author":1,"featured_media":0,"parent":213,"menu_order":0,"comment_status":"closed","ping_status":"closed","template":"","meta":{"footnotes":""},"class_list":["post-587","page","type-page","status-publish","hentry"],"yoast_head":"<!-- This site is optimized with the Yoast SEO plugin v27.5 - https:\/\/yoast.com\/product\/yoast-seo-wordpress\/ -->\n<title>CERFA - MAIRIE DE LAIZ<\/title>\n<meta name=\"robots\" content=\"index, follow, max-snippet:-1, max-image-preview:large, max-video-preview:-1\" \/>\n<link rel=\"canonical\" href=\"https:\/\/laiz.fr\/wordpress\/demarches-administratives\/documents-officiels\/cerfa\/\" \/>\n<meta property=\"og:locale\" content=\"fr_FR\" \/>\n<meta property=\"og:type\" content=\"article\" \/>\n<meta property=\"og:title\" content=\"CERFA - MAIRIE DE LAIZ\" \/>\n<meta property=\"og:description\" content=\"Certains de vos CERFA peuvent \u00eatre r\u00e9cup\u00e9rer directement sur le site du service public. cliquez sur\" \/>\n<meta property=\"og:url\" content=\"https:\/\/laiz.fr\/wordpress\/demarches-administratives\/documents-officiels\/cerfa\/\" \/>\n<meta property=\"og:site_name\" content=\"MAIRIE DE LAIZ\" \/>\n<meta property=\"article:publisher\" content=\"https:\/\/www.facebook.com\/villagedelaiz\" \/>\n<meta property=\"article:modified_time\" content=\"2016-06-20T11:50:39+00:00\" \/>\n<meta property=\"og:image\" content=\"https:\/\/www.service-public.fr\/resources\/v-8b40c43ae8\/web\/img\/logo-service-public.png\" \/>\n<script type=\"application\/ld+json\" class=\"yoast-schema-graph\">{\"@context\":\"https:\\\/\\\/schema.org\",\"@graph\":[{\"@type\":\"WebPage\",\"@id\":\"https:\\\/\\\/laiz.fr\\\/wordpress\\\/demarches-administratives\\\/documents-officiels\\\/cerfa\\\/\",\"url\":\"https:\\\/\\\/laiz.fr\\\/wordpress\\\/demarches-administratives\\\/documents-officiels\\\/cerfa\\\/\",\"name\":\"CERFA - MAIRIE DE LAIZ\",\"isPartOf\":{\"@id\":\"https:\\\/\\\/laiz.fr\\\/wordpress\\\/#website\"},\"primaryImageOfPage\":{\"@id\":\"https:\\\/\\\/laiz.fr\\\/wordpress\\\/demarches-administratives\\\/documents-officiels\\\/cerfa\\\/#primaryimage\"},\"image\":{\"@id\":\"https:\\\/\\\/laiz.fr\\\/wordpress\\\/demarches-administratives\\\/documents-officiels\\\/cerfa\\\/#primaryimage\"},\"thumbnailUrl\":\"https:\\\/\\\/www.service-public.fr\\\/resources\\\/v-8b40c43ae8\\\/web\\\/img\\\/logo-service-public.png\",\"datePublished\":\"2016-06-12T13:32:41+00:00\",\"dateModified\":\"2016-06-20T11:50:39+00:00\",\"breadcrumb\":{\"@id\":\"https:\\\/\\\/laiz.fr\\\/wordpress\\\/demarches-administratives\\\/documents-officiels\\\/cerfa\\\/#breadcrumb\"},\"inLanguage\":\"fr-FR\",\"potentialAction\":[{\"@type\":\"ReadAction\",\"target\":[\"https:\\\/\\\/laiz.fr\\\/wordpress\\\/demarches-administratives\\\/documents-officiels\\\/cerfa\\\/\"]}]},{\"@type\":\"ImageObject\",\"inLanguage\":\"fr-FR\",\"@id\":\"https:\\\/\\\/laiz.fr\\\/wordpress\\\/demarches-administratives\\\/documents-officiels\\\/cerfa\\\/#primaryimage\",\"url\":\"https:\\\/\\\/www.service-public.fr\\\/resources\\\/v-8b40c43ae8\\\/web\\\/img\\\/logo-service-public.png\",\"contentUrl\":\"https:\\\/\\\/www.service-public.fr\\\/resources\\\/v-8b40c43ae8\\\/web\\\/img\\\/logo-service-public.png\"},{\"@type\":\"BreadcrumbList\",\"@id\":\"https:\\\/\\\/laiz.fr\\\/wordpress\\\/demarches-administratives\\\/documents-officiels\\\/cerfa\\\/#breadcrumb\",\"itemListElement\":[{\"@type\":\"ListItem\",\"position\":1,\"name\":\"Accueil\",\"item\":\"https:\\\/\\\/laiz.fr\\\/wordpress\\\/\"},{\"@type\":\"ListItem\",\"position\":2,\"name\":\"D\u00e9marches administratives\",\"item\":\"https:\\\/\\\/laiz.fr\\\/wordpress\\\/demarches-administratives\\\/\"},{\"@type\":\"ListItem\",\"position\":3,\"name\":\"Documents officiels\",\"item\":\"https:\\\/\\\/laiz.fr\\\/wordpress\\\/demarches-administratives\\\/documents-officiels\\\/\"},{\"@type\":\"ListItem\",\"position\":4,\"name\":\"CERFA\"}]},{\"@type\":\"WebSite\",\"@id\":\"https:\\\/\\\/laiz.fr\\\/wordpress\\\/#website\",\"url\":\"https:\\\/\\\/laiz.fr\\\/wordpress\\\/\",\"name\":\"MAIRIE DE LAIZ\",\"description\":\"Un village agr\u00e9able \u00e0 vivre\",\"potentialAction\":[{\"@type\":\"SearchAction\",\"target\":{\"@type\":\"EntryPoint\",\"urlTemplate\":\"https:\\\/\\\/laiz.fr\\\/wordpress\\\/?s={search_term_string}\"},\"query-input\":{\"@type\":\"PropertyValueSpecification\",\"valueRequired\":true,\"valueName\":\"search_term_string\"}}],\"inLanguage\":\"fr-FR\"}]}<\/script>\n<!-- \/ Yoast SEO plugin. -->","yoast_head_json":{"title":"CERFA - MAIRIE DE LAIZ","robots":{"index":"index","follow":"follow","max-snippet":"max-snippet:-1","max-image-preview":"max-image-preview:large","max-video-preview":"max-video-preview:-1"},"canonical":"https:\/\/laiz.fr\/wordpress\/demarches-administratives\/documents-officiels\/cerfa\/","og_locale":"fr_FR","og_type":"article","og_title":"CERFA - MAIRIE DE LAIZ","og_description":"Certains de vos CERFA peuvent \u00eatre r\u00e9cup\u00e9rer directement sur le site du service public. cliquez sur","og_url":"https:\/\/laiz.fr\/wordpress\/demarches-administratives\/documents-officiels\/cerfa\/","og_site_name":"MAIRIE DE LAIZ","article_publisher":"https:\/\/www.facebook.com\/villagedelaiz","article_modified_time":"2016-06-20T11:50:39+00:00","og_image":[{"url":"https:\/\/www.service-public.fr\/resources\/v-8b40c43ae8\/web\/img\/logo-service-public.png","type":"","width":"","height":""}],"schema":{"@context":"https:\/\/schema.org","@graph":[{"@type":"WebPage","@id":"https:\/\/laiz.fr\/wordpress\/demarches-administratives\/documents-officiels\/cerfa\/","url":"https:\/\/laiz.fr\/wordpress\/demarches-administratives\/documents-officiels\/cerfa\/","name":"CERFA - MAIRIE DE LAIZ","isPartOf":{"@id":"https:\/\/laiz.fr\/wordpress\/#website"},"primaryImageOfPage":{"@id":"https:\/\/laiz.fr\/wordpress\/demarches-administratives\/documents-officiels\/cerfa\/#primaryimage"},"image":{"@id":"https:\/\/laiz.fr\/wordpress\/demarches-administratives\/documents-officiels\/cerfa\/#primaryimage"},"thumbnailUrl":"https:\/\/www.service-public.fr\/resources\/v-8b40c43ae8\/web\/img\/logo-service-public.png","datePublished":"2016-06-12T13:32:41+00:00","dateModified":"2016-06-20T11:50:39+00:00","breadcrumb":{"@id":"https:\/\/laiz.fr\/wordpress\/demarches-administratives\/documents-officiels\/cerfa\/#breadcrumb"},"inLanguage":"fr-FR","potentialAction":[{"@type":"ReadAction","target":["https:\/\/laiz.fr\/wordpress\/demarches-administratives\/documents-officiels\/cerfa\/"]}]},{"@type":"ImageObject","inLanguage":"fr-FR","@id":"https:\/\/laiz.fr\/wordpress\/demarches-administratives\/documents-officiels\/cerfa\/#primaryimage","url":"https:\/\/www.service-public.fr\/resources\/v-8b40c43ae8\/web\/img\/logo-service-public.png","contentUrl":"https:\/\/www.service-public.fr\/resources\/v-8b40c43ae8\/web\/img\/logo-service-public.png"},{"@type":"BreadcrumbList","@id":"https:\/\/laiz.fr\/wordpress\/demarches-administratives\/documents-officiels\/cerfa\/#breadcrumb","itemListElement":[{"@type":"ListItem","position":1,"name":"Accueil","item":"https:\/\/laiz.fr\/wordpress\/"},{"@type":"ListItem","position":2,"name":"D\u00e9marches administratives","item":"https:\/\/laiz.fr\/wordpress\/demarches-administratives\/"},{"@type":"ListItem","position":3,"name":"Documents officiels","item":"https:\/\/laiz.fr\/wordpress\/demarches-administratives\/documents-officiels\/"},{"@type":"ListItem","position":4,"name":"CERFA"}]},{"@type":"WebSite","@id":"https:\/\/laiz.fr\/wordpress\/#website","url":"https:\/\/laiz.fr\/wordpress\/","name":"MAIRIE DE LAIZ","description":"Un village agr\u00e9able \u00e0 vivre","potentialAction":[{"@type":"SearchAction","target":{"@type":"EntryPoint","urlTemplate":"https:\/\/laiz.fr\/wordpress\/?s={search_term_string}"},"query-input":{"@type":"PropertyValueSpecification","valueRequired":true,"valueName":"search_term_string"}}],"inLanguage":"fr-FR"}]}},"_links":{"self":[{"href":"https:\/\/laiz.fr\/wordpress\/wp-json\/wp\/v2\/pages\/587","targetHints":{"allow":["GET"]}}],"collection":[{"href":"https:\/\/laiz.fr\/wordpress\/wp-json\/wp\/v2\/pages"}],"about":[{"href":"https:\/\/laiz.fr\/wordpress\/wp-json\/wp\/v2\/types\/page"}],"author":[{"embeddable":true,"href":"https:\/\/laiz.fr\/wordpress\/wp-json\/wp\/v2\/users\/1"}],"replies":[{"embeddable":true,"href":"https:\/\/laiz.fr\/wordpress\/wp-json\/wp\/v2\/comments?post=587"}],"version-history":[{"count":1,"href":"https:\/\/laiz.fr\/wordpress\/wp-json\/wp\/v2\/pages\/587\/revisions"}],"predecessor-version":[{"id":588,"href":"https:\/\/laiz.fr\/wordpress\/wp-json\/wp\/v2\/pages\/587\/revisions\/588"}],"up":[{"embeddable":true,"href":"https:\/\/laiz.fr\/wordpress\/wp-json\/wp\/v2\/pages\/213"}],"wp:attachment":[{"href":"https:\/\/laiz.fr\/wordpress\/wp-json\/wp\/v2\/media?parent=587"}],"curies":[{"name":"wp","href":"https:\/\/api.w.org\/{rel}","templated":true}]}}