{"id":625,"date":"2016-05-12T16:55:37","date_gmt":"2016-06-20T12:14:08","guid":{"rendered":"http:\/\/laiz.fr\/wordpress\/?page_id=625"},"modified":"2022-05-21T10:14:12","modified_gmt":"2022-05-21T08:14:12","slug":"625-2","status":"publish","type":"page","link":"https:\/\/laiz.fr\/wordpress\/demarches-administratives\/mais-aussi\/625-2\/","title":{"rendered":"Arrete lutte bruits de voisinage"},"content":{"rendered":"<p>Les travaux de bricolage ou de jardinage r\u00e9alis\u00e9s par les particuliers \u00e0 l&rsquo;aide d&rsquo;outils ou d&rsquo;appareils susceptibles de g\u00eaner le voisinage en raison de leur intensit\u00e9 sonore (tondeuse \u00e0 gazon, \u00e0 moteur thermique, tronconneuses, perceuses ou scies m\u00e9caniques&#8230;) ne peuvent \u00eatre effectu\u00e9s que :<\/p>\n<p>les jours ouvrables de 8H \u00e0 12 H et de 14H \u00e0 19H30<\/p>\n<p>les samedis de 9H \u00e0 12H et de 15H \u00e0 19H<\/p>\n<p>les dimanches et jours f\u00e9ri\u00e9s de 10H\u00a0 \u00e0 12H<\/p>\n<p>Les nuisances sonores li\u00e9es aux bruits de comportement (individu, musique, animal&#8230;) peuvent \u00eatre sanctionn\u00e9es d\u00e8s lors qu&rsquo;elles troublent de mani\u00e8re anormale le voisinage, de jour comme de nuit.<\/p>\n<p>D&rsquo;autres nuisances telles que celles li\u00e9es \u00e0 un animal sont de la responsabilit\u00e9 du propri\u00e9taire (bruits, d\u00e9jections, divagation&#8230;). La gestion de son animal domestique est n\u00e9cessaire pour vivre en harmonie et garder ses bonnes relations de voisinage.<\/p>\n<p>Vous pouvez\u00a0 consulter\u00a0 <a href=\"https:\/\/laiz.fr\/wordpress\/wp-content\/uploads\/2022\/05\/Arrete_prefectoral_du_12_septembre_2008.pdf\">l&rsquo;arrete_prefectoral_du_12_septembre_2008 <\/a><\/p>\n<p>relatif \u00e0 la lutte contre les bruits de voisinage.<\/p>\n","protected":false},"excerpt":{"rendered":"<p>Les travaux de bricolage ou de jardinage r\u00e9alis\u00e9s par les particuliers \u00e0 l&rsquo;aide d&rsquo;outils ou d&rsquo;appareils susceptibles de g\u00eaner le voisinage en raison de leur intensit\u00e9 sonore (tondeuse \u00e0 gazon, \u00e0 moteur thermique, tronconneuses, perceuses ou scies m\u00e9caniques&#8230;) ne peuvent \u00eatre effectu\u00e9s que : les jours ouvrables de 8H \u00e0 12 H et de 14H &hellip; <a href=\"https:\/\/laiz.fr\/wordpress\/demarches-administratives\/mais-aussi\/625-2\/\" class=\"more-link\">Continuer la lecture de <span class=\"screen-reader-text\">Arrete lutte bruits de voisinage<\/span>  <span class=\"meta-nav\">&rarr;<\/span><\/a><\/p>\n","protected":false},"author":1,"featured_media":0,"parent":215,"menu_order":0,"comment_status":"closed","ping_status":"closed","template":"","meta":{"footnotes":""},"class_list":["post-625","page","type-page","status-publish","hentry"],"yoast_head":"<!-- This site is optimized with the Yoast SEO plugin v27.4 - https:\/\/yoast.com\/product\/yoast-seo-wordpress\/ -->\n<title>Arrete lutte bruits de voisinage - MAIRIE DE LAIZ<\/title>\n<meta name=\"robots\" content=\"index, follow, max-snippet:-1, max-image-preview:large, max-video-preview:-1\" \/>\n<link rel=\"canonical\" href=\"https:\/\/laiz.fr\/wordpress\/demarches-administratives\/mais-aussi\/625-2\/\" \/>\n<meta property=\"og:locale\" content=\"fr_FR\" \/>\n<meta property=\"og:type\" content=\"article\" \/>\n<meta property=\"og:title\" content=\"Arrete lutte bruits de voisinage - MAIRIE DE LAIZ\" \/>\n<meta property=\"og:description\" content=\"Les travaux de bricolage ou de jardinage r\u00e9alis\u00e9s par les particuliers \u00e0 l&rsquo;aide d&rsquo;outils ou d&rsquo;appareils susceptibles de g\u00eaner le voisinage en raison de leur intensit\u00e9 sonore (tondeuse \u00e0 gazon, \u00e0 moteur thermique, tronconneuses, perceuses ou scies m\u00e9caniques&#8230;) ne peuvent \u00eatre effectu\u00e9s que : les jours ouvrables de 8H \u00e0 12 H et de 14H &hellip; Continuer la lecture de Arrete lutte bruits de voisinage &rarr;\" \/>\n<meta property=\"og:url\" content=\"https:\/\/laiz.fr\/wordpress\/demarches-administratives\/mais-aussi\/625-2\/\" \/>\n<meta property=\"og:site_name\" content=\"MAIRIE DE LAIZ\" \/>\n<meta property=\"article:publisher\" content=\"https:\/\/www.facebook.com\/villagedelaiz\" \/>\n<meta property=\"article:modified_time\" content=\"2022-05-21T08:14:12+00:00\" \/>\n<meta property=\"og:image\" content=\"https:\/\/laiz.fr\/wordpress\/wp-content\/uploads\/2016\/06\/laizlogo2.jpg\" \/>\n\t<meta property=\"og:image:width\" content=\"935\" \/>\n\t<meta property=\"og:image:height\" content=\"591\" \/>\n\t<meta property=\"og:image:type\" content=\"image\/jpeg\" \/>\n<meta name=\"twitter:label1\" content=\"Dur\u00e9e de lecture estim\u00e9e\" \/>\n\t<meta name=\"twitter:data1\" content=\"1 minute\" \/>\n<script type=\"application\/ld+json\" class=\"yoast-schema-graph\">{\"@context\":\"https:\\\/\\\/schema.org\",\"@graph\":[{\"@type\":\"WebPage\",\"@id\":\"https:\\\/\\\/laiz.fr\\\/wordpress\\\/demarches-administratives\\\/mais-aussi\\\/625-2\\\/\",\"url\":\"https:\\\/\\\/laiz.fr\\\/wordpress\\\/demarches-administratives\\\/mais-aussi\\\/625-2\\\/\",\"name\":\"Arrete lutte bruits de voisinage - MAIRIE DE LAIZ\",\"isPartOf\":{\"@id\":\"https:\\\/\\\/laiz.fr\\\/wordpress\\\/#website\"},\"datePublished\":\"2016-06-20T12:14:08+00:00\",\"dateModified\":\"2022-05-21T08:14:12+00:00\",\"breadcrumb\":{\"@id\":\"https:\\\/\\\/laiz.fr\\\/wordpress\\\/demarches-administratives\\\/mais-aussi\\\/625-2\\\/#breadcrumb\"},\"inLanguage\":\"fr-FR\",\"potentialAction\":[{\"@type\":\"ReadAction\",\"target\":[\"https:\\\/\\\/laiz.fr\\\/wordpress\\\/demarches-administratives\\\/mais-aussi\\\/625-2\\\/\"]}]},{\"@type\":\"BreadcrumbList\",\"@id\":\"https:\\\/\\\/laiz.fr\\\/wordpress\\\/demarches-administratives\\\/mais-aussi\\\/625-2\\\/#breadcrumb\",\"itemListElement\":[{\"@type\":\"ListItem\",\"position\":1,\"name\":\"Accueil\",\"item\":\"https:\\\/\\\/laiz.fr\\\/wordpress\\\/\"},{\"@type\":\"ListItem\",\"position\":2,\"name\":\"D\u00e9marches administratives\",\"item\":\"https:\\\/\\\/laiz.fr\\\/wordpress\\\/demarches-administratives\\\/\"},{\"@type\":\"ListItem\",\"position\":3,\"name\":\"Mais aussi\",\"item\":\"https:\\\/\\\/laiz.fr\\\/wordpress\\\/demarches-administratives\\\/mais-aussi\\\/\"},{\"@type\":\"ListItem\",\"position\":4,\"name\":\"Arrete lutte bruits de voisinage\"}]},{\"@type\":\"WebSite\",\"@id\":\"https:\\\/\\\/laiz.fr\\\/wordpress\\\/#website\",\"url\":\"https:\\\/\\\/laiz.fr\\\/wordpress\\\/\",\"name\":\"MAIRIE DE LAIZ\",\"description\":\"Un village agr\u00e9able \u00e0 vivre\",\"potentialAction\":[{\"@type\":\"SearchAction\",\"target\":{\"@type\":\"EntryPoint\",\"urlTemplate\":\"https:\\\/\\\/laiz.fr\\\/wordpress\\\/?s={search_term_string}\"},\"query-input\":{\"@type\":\"PropertyValueSpecification\",\"valueRequired\":true,\"valueName\":\"search_term_string\"}}],\"inLanguage\":\"fr-FR\"}]}<\/script>\n<!-- \/ Yoast SEO plugin. -->","yoast_head_json":{"title":"Arrete lutte bruits de voisinage - MAIRIE DE LAIZ","robots":{"index":"index","follow":"follow","max-snippet":"max-snippet:-1","max-image-preview":"max-image-preview:large","max-video-preview":"max-video-preview:-1"},"canonical":"https:\/\/laiz.fr\/wordpress\/demarches-administratives\/mais-aussi\/625-2\/","og_locale":"fr_FR","og_type":"article","og_title":"Arrete lutte bruits de voisinage - MAIRIE DE LAIZ","og_description":"Les travaux de bricolage ou de jardinage r\u00e9alis\u00e9s par les particuliers \u00e0 l&rsquo;aide d&rsquo;outils ou d&rsquo;appareils susceptibles de g\u00eaner le voisinage en raison de leur intensit\u00e9 sonore (tondeuse \u00e0 gazon, \u00e0 moteur thermique, tronconneuses, perceuses ou scies m\u00e9caniques&#8230;) ne peuvent \u00eatre effectu\u00e9s que : les jours ouvrables de 8H \u00e0 12 H et de 14H &hellip; Continuer la lecture de Arrete lutte bruits de voisinage &rarr;","og_url":"https:\/\/laiz.fr\/wordpress\/demarches-administratives\/mais-aussi\/625-2\/","og_site_name":"MAIRIE DE LAIZ","article_publisher":"https:\/\/www.facebook.com\/villagedelaiz","article_modified_time":"2022-05-21T08:14:12+00:00","og_image":[{"width":935,"height":591,"url":"https:\/\/laiz.fr\/wordpress\/wp-content\/uploads\/2016\/06\/laizlogo2.jpg","type":"image\/jpeg"}],"twitter_misc":{"Dur\u00e9e de lecture estim\u00e9e":"1 minute"},"schema":{"@context":"https:\/\/schema.org","@graph":[{"@type":"WebPage","@id":"https:\/\/laiz.fr\/wordpress\/demarches-administratives\/mais-aussi\/625-2\/","url":"https:\/\/laiz.fr\/wordpress\/demarches-administratives\/mais-aussi\/625-2\/","name":"Arrete lutte bruits de voisinage - MAIRIE DE LAIZ","isPartOf":{"@id":"https:\/\/laiz.fr\/wordpress\/#website"},"datePublished":"2016-06-20T12:14:08+00:00","dateModified":"2022-05-21T08:14:12+00:00","breadcrumb":{"@id":"https:\/\/laiz.fr\/wordpress\/demarches-administratives\/mais-aussi\/625-2\/#breadcrumb"},"inLanguage":"fr-FR","potentialAction":[{"@type":"ReadAction","target":["https:\/\/laiz.fr\/wordpress\/demarches-administratives\/mais-aussi\/625-2\/"]}]},{"@type":"BreadcrumbList","@id":"https:\/\/laiz.fr\/wordpress\/demarches-administratives\/mais-aussi\/625-2\/#breadcrumb","itemListElement":[{"@type":"ListItem","position":1,"name":"Accueil","item":"https:\/\/laiz.fr\/wordpress\/"},{"@type":"ListItem","position":2,"name":"D\u00e9marches administratives","item":"https:\/\/laiz.fr\/wordpress\/demarches-administratives\/"},{"@type":"ListItem","position":3,"name":"Mais aussi","item":"https:\/\/laiz.fr\/wordpress\/demarches-administratives\/mais-aussi\/"},{"@type":"ListItem","position":4,"name":"Arrete lutte bruits de voisinage"}]},{"@type":"WebSite","@id":"https:\/\/laiz.fr\/wordpress\/#website","url":"https:\/\/laiz.fr\/wordpress\/","name":"MAIRIE DE LAIZ","description":"Un village agr\u00e9able \u00e0 vivre","potentialAction":[{"@type":"SearchAction","target":{"@type":"EntryPoint","urlTemplate":"https:\/\/laiz.fr\/wordpress\/?s={search_term_string}"},"query-input":{"@type":"PropertyValueSpecification","valueRequired":true,"valueName":"search_term_string"}}],"inLanguage":"fr-FR"}]}},"_links":{"self":[{"href":"https:\/\/laiz.fr\/wordpress\/wp-json\/wp\/v2\/pages\/625","targetHints":{"allow":["GET"]}}],"collection":[{"href":"https:\/\/laiz.fr\/wordpress\/wp-json\/wp\/v2\/pages"}],"about":[{"href":"https:\/\/laiz.fr\/wordpress\/wp-json\/wp\/v2\/types\/page"}],"author":[{"embeddable":true,"href":"https:\/\/laiz.fr\/wordpress\/wp-json\/wp\/v2\/users\/1"}],"replies":[{"embeddable":true,"href":"https:\/\/laiz.fr\/wordpress\/wp-json\/wp\/v2\/comments?post=625"}],"version-history":[{"count":6,"href":"https:\/\/laiz.fr\/wordpress\/wp-json\/wp\/v2\/pages\/625\/revisions"}],"predecessor-version":[{"id":4206,"href":"https:\/\/laiz.fr\/wordpress\/wp-json\/wp\/v2\/pages\/625\/revisions\/4206"}],"up":[{"embeddable":true,"href":"https:\/\/laiz.fr\/wordpress\/wp-json\/wp\/v2\/pages\/215"}],"wp:attachment":[{"href":"https:\/\/laiz.fr\/wordpress\/wp-json\/wp\/v2\/media?parent=625"}],"curies":[{"name":"wp","href":"https:\/\/api.w.org\/{rel}","templated":true}]}}