{"id":70,"date":"2017-03-07T17:54:42","date_gmt":"2017-03-07T16:54:42","guid":{"rendered":"http:\/\/laiz.fr\/wordpress\/?page_id=70"},"modified":"2020-08-29T09:46:32","modified_gmt":"2020-08-29T07:46:32","slug":"les-commissions","status":"publish","type":"page","link":"https:\/\/laiz.fr\/wordpress\/mairie\/les-commissions\/","title":{"rendered":"Les commissions"},"content":{"rendered":"<p>Vous trouverez ci-dessous toutes les commissions et d\u00e9l\u00e9gations attribu\u00e9es \u00e0 l&rsquo;\u00e9quipe de la mairie.<\/p>\n<p><a href=\"https:\/\/laiz.fr\/wordpress\/wp-content\/uploads\/2020\/08\/Copie-de-tableau-des-commissions-et-d\u00e9l\u00e9gations-MAJ.doc\">Tableau des commissions et d\u00e9l\u00e9gations au Conseil Municipal de Laiz<\/a><\/p>\n","protected":false},"excerpt":{"rendered":"<p>Vous trouverez ci-dessous toutes les commissions et d\u00e9l\u00e9gations attribu\u00e9es \u00e0 l&rsquo;\u00e9quipe de la mairie. Tableau des commissions et d\u00e9l\u00e9gations au Conseil Municipal de Laiz<\/p>\n","protected":false},"author":1,"featured_media":0,"parent":121,"menu_order":2,"comment_status":"closed","ping_status":"closed","template":"","meta":{"footnotes":""},"class_list":["post-70","page","type-page","status-publish","hentry"],"yoast_head":"<!-- This site is optimized with the Yoast SEO plugin v27.4 - https:\/\/yoast.com\/product\/yoast-seo-wordpress\/ -->\n<title>Les commissions - MAIRIE DE LAIZ<\/title>\n<meta name=\"robots\" content=\"index, follow, max-snippet:-1, max-image-preview:large, max-video-preview:-1\" \/>\n<link rel=\"canonical\" href=\"https:\/\/laiz.fr\/wordpress\/mairie\/les-commissions\/\" \/>\n<meta property=\"og:locale\" content=\"fr_FR\" \/>\n<meta property=\"og:type\" content=\"article\" \/>\n<meta property=\"og:title\" content=\"Les commissions - MAIRIE DE LAIZ\" \/>\n<meta property=\"og:description\" content=\"Vous trouverez ci-dessous toutes les commissions et d\u00e9l\u00e9gations attribu\u00e9es \u00e0 l&rsquo;\u00e9quipe de la mairie. Tableau des commissions et d\u00e9l\u00e9gations au Conseil Municipal de Laiz\" \/>\n<meta property=\"og:url\" content=\"https:\/\/laiz.fr\/wordpress\/mairie\/les-commissions\/\" \/>\n<meta property=\"og:site_name\" content=\"MAIRIE DE LAIZ\" \/>\n<meta property=\"article:publisher\" content=\"https:\/\/www.facebook.com\/villagedelaiz\" \/>\n<meta property=\"article:modified_time\" content=\"2020-08-29T07:46:32+00:00\" \/>\n<meta property=\"og:image\" content=\"https:\/\/laiz.fr\/wordpress\/wp-content\/uploads\/2016\/06\/laizlogo2.jpg\" \/>\n\t<meta property=\"og:image:width\" content=\"935\" \/>\n\t<meta property=\"og:image:height\" content=\"591\" \/>\n\t<meta property=\"og:image:type\" content=\"image\/jpeg\" \/>\n<script type=\"application\/ld+json\" class=\"yoast-schema-graph\">{\"@context\":\"https:\\\/\\\/schema.org\",\"@graph\":[{\"@type\":\"WebPage\",\"@id\":\"https:\\\/\\\/laiz.fr\\\/wordpress\\\/mairie\\\/les-commissions\\\/\",\"url\":\"https:\\\/\\\/laiz.fr\\\/wordpress\\\/mairie\\\/les-commissions\\\/\",\"name\":\"Les commissions - MAIRIE DE LAIZ\",\"isPartOf\":{\"@id\":\"https:\\\/\\\/laiz.fr\\\/wordpress\\\/#website\"},\"datePublished\":\"2017-03-07T16:54:42+00:00\",\"dateModified\":\"2020-08-29T07:46:32+00:00\",\"breadcrumb\":{\"@id\":\"https:\\\/\\\/laiz.fr\\\/wordpress\\\/mairie\\\/les-commissions\\\/#breadcrumb\"},\"inLanguage\":\"fr-FR\",\"potentialAction\":[{\"@type\":\"ReadAction\",\"target\":[\"https:\\\/\\\/laiz.fr\\\/wordpress\\\/mairie\\\/les-commissions\\\/\"]}]},{\"@type\":\"BreadcrumbList\",\"@id\":\"https:\\\/\\\/laiz.fr\\\/wordpress\\\/mairie\\\/les-commissions\\\/#breadcrumb\",\"itemListElement\":[{\"@type\":\"ListItem\",\"position\":1,\"name\":\"Accueil\",\"item\":\"https:\\\/\\\/laiz.fr\\\/wordpress\\\/\"},{\"@type\":\"ListItem\",\"position\":2,\"name\":\"Mairie\",\"item\":\"https:\\\/\\\/laiz.fr\\\/wordpress\\\/mairie\\\/\"},{\"@type\":\"ListItem\",\"position\":3,\"name\":\"Les commissions\"}]},{\"@type\":\"WebSite\",\"@id\":\"https:\\\/\\\/laiz.fr\\\/wordpress\\\/#website\",\"url\":\"https:\\\/\\\/laiz.fr\\\/wordpress\\\/\",\"name\":\"MAIRIE DE LAIZ\",\"description\":\"Un village agr\u00e9able \u00e0 vivre\",\"potentialAction\":[{\"@type\":\"SearchAction\",\"target\":{\"@type\":\"EntryPoint\",\"urlTemplate\":\"https:\\\/\\\/laiz.fr\\\/wordpress\\\/?s={search_term_string}\"},\"query-input\":{\"@type\":\"PropertyValueSpecification\",\"valueRequired\":true,\"valueName\":\"search_term_string\"}}],\"inLanguage\":\"fr-FR\"}]}<\/script>\n<!-- \/ Yoast SEO plugin. -->","yoast_head_json":{"title":"Les commissions - MAIRIE DE LAIZ","robots":{"index":"index","follow":"follow","max-snippet":"max-snippet:-1","max-image-preview":"max-image-preview:large","max-video-preview":"max-video-preview:-1"},"canonical":"https:\/\/laiz.fr\/wordpress\/mairie\/les-commissions\/","og_locale":"fr_FR","og_type":"article","og_title":"Les commissions - MAIRIE DE LAIZ","og_description":"Vous trouverez ci-dessous toutes les commissions et d\u00e9l\u00e9gations attribu\u00e9es \u00e0 l&rsquo;\u00e9quipe de la mairie. Tableau des commissions et d\u00e9l\u00e9gations au Conseil Municipal de Laiz","og_url":"https:\/\/laiz.fr\/wordpress\/mairie\/les-commissions\/","og_site_name":"MAIRIE DE LAIZ","article_publisher":"https:\/\/www.facebook.com\/villagedelaiz","article_modified_time":"2020-08-29T07:46:32+00:00","og_image":[{"width":935,"height":591,"url":"https:\/\/laiz.fr\/wordpress\/wp-content\/uploads\/2016\/06\/laizlogo2.jpg","type":"image\/jpeg"}],"schema":{"@context":"https:\/\/schema.org","@graph":[{"@type":"WebPage","@id":"https:\/\/laiz.fr\/wordpress\/mairie\/les-commissions\/","url":"https:\/\/laiz.fr\/wordpress\/mairie\/les-commissions\/","name":"Les commissions - MAIRIE DE LAIZ","isPartOf":{"@id":"https:\/\/laiz.fr\/wordpress\/#website"},"datePublished":"2017-03-07T16:54:42+00:00","dateModified":"2020-08-29T07:46:32+00:00","breadcrumb":{"@id":"https:\/\/laiz.fr\/wordpress\/mairie\/les-commissions\/#breadcrumb"},"inLanguage":"fr-FR","potentialAction":[{"@type":"ReadAction","target":["https:\/\/laiz.fr\/wordpress\/mairie\/les-commissions\/"]}]},{"@type":"BreadcrumbList","@id":"https:\/\/laiz.fr\/wordpress\/mairie\/les-commissions\/#breadcrumb","itemListElement":[{"@type":"ListItem","position":1,"name":"Accueil","item":"https:\/\/laiz.fr\/wordpress\/"},{"@type":"ListItem","position":2,"name":"Mairie","item":"https:\/\/laiz.fr\/wordpress\/mairie\/"},{"@type":"ListItem","position":3,"name":"Les commissions"}]},{"@type":"WebSite","@id":"https:\/\/laiz.fr\/wordpress\/#website","url":"https:\/\/laiz.fr\/wordpress\/","name":"MAIRIE DE LAIZ","description":"Un village agr\u00e9able \u00e0 vivre","potentialAction":[{"@type":"SearchAction","target":{"@type":"EntryPoint","urlTemplate":"https:\/\/laiz.fr\/wordpress\/?s={search_term_string}"},"query-input":{"@type":"PropertyValueSpecification","valueRequired":true,"valueName":"search_term_string"}}],"inLanguage":"fr-FR"}]}},"_links":{"self":[{"href":"https:\/\/laiz.fr\/wordpress\/wp-json\/wp\/v2\/pages\/70","targetHints":{"allow":["GET"]}}],"collection":[{"href":"https:\/\/laiz.fr\/wordpress\/wp-json\/wp\/v2\/pages"}],"about":[{"href":"https:\/\/laiz.fr\/wordpress\/wp-json\/wp\/v2\/types\/page"}],"author":[{"embeddable":true,"href":"https:\/\/laiz.fr\/wordpress\/wp-json\/wp\/v2\/users\/1"}],"replies":[{"embeddable":true,"href":"https:\/\/laiz.fr\/wordpress\/wp-json\/wp\/v2\/comments?post=70"}],"version-history":[{"count":9,"href":"https:\/\/laiz.fr\/wordpress\/wp-json\/wp\/v2\/pages\/70\/revisions"}],"predecessor-version":[{"id":2574,"href":"https:\/\/laiz.fr\/wordpress\/wp-json\/wp\/v2\/pages\/70\/revisions\/2574"}],"up":[{"embeddable":true,"href":"https:\/\/laiz.fr\/wordpress\/wp-json\/wp\/v2\/pages\/121"}],"wp:attachment":[{"href":"https:\/\/laiz.fr\/wordpress\/wp-json\/wp\/v2\/media?parent=70"}],"curies":[{"name":"wp","href":"https:\/\/api.w.org\/{rel}","templated":true}]}}